{"id":144,"date":"2021-08-30T11:11:06","date_gmt":"2021-08-30T11:11:06","guid":{"rendered":"https:\/\/kbf.benjaminkuerten.de\/?page_id=144"},"modified":"2022-10-11T15:24:02","modified_gmt":"2022-10-11T13:24:02","slug":"position","status":"publish","type":"page","link":"https:\/\/www.badkrozinger-buergerforum.de\/index.php\/position\/","title":{"rendered":"Kurzfassung"},"content":{"rendered":"\t\t<div data-elementor-type=\"wp-page\" data-elementor-id=\"144\" class=\"elementor elementor-144\">\n\t\t\t\t\t\t<section class=\"elementor-section elementor-top-section elementor-element elementor-element-ec4d469 elementor-section-boxed elementor-section-height-default elementor-section-height-default\" data-id=\"ec4d469\" data-element_type=\"section\">\n\t\t\t\t\t\t<div class=\"elementor-container elementor-column-gap-default\">\n\t\t\t\t\t<div class=\"elementor-column elementor-col-100 elementor-top-column elementor-element elementor-element-ece4ce3\" data-id=\"ece4ce3\" data-element_type=\"column\">\n\t\t\t<div class=\"elementor-widget-wrap elementor-element-populated\">\n\t\t\t\t\t\t<div class=\"elementor-element elementor-element-ce25e99 elementor-widget elementor-widget-heading\" data-id=\"ce25e99\" data-element_type=\"widget\" data-widget_type=\"heading.default\">\n\t\t\t\t<div class=\"elementor-widget-container\">\n\t\t\t<style>\/*! elementor - v3.23.0 - 05-08-2024 *\/\n.elementor-heading-title{padding:0;margin:0;line-height:1}.elementor-widget-heading .elementor-heading-title[class*=elementor-size-]>a{color:inherit;font-size:inherit;line-height:inherit}.elementor-widget-heading .elementor-heading-title.elementor-size-small{font-size:15px}.elementor-widget-heading .elementor-heading-title.elementor-size-medium{font-size:19px}.elementor-widget-heading .elementor-heading-title.elementor-size-large{font-size:29px}.elementor-widget-heading .elementor-heading-title.elementor-size-xl{font-size:39px}.elementor-widget-heading .elementor-heading-title.elementor-size-xxl{font-size:59px}<\/style><h2 class=\"elementor-heading-title elementor-size-default\">Daf\u00fcr stehen wir<\/h2>\t\t<\/div>\n\t\t\t\t<\/div>\n\t\t\t\t\t<\/div>\n\t\t<\/div>\n\t\t\t\t\t<\/div>\n\t\t<\/section>\n\t\t\t\t<section class=\"elementor-section elementor-top-section elementor-element elementor-element-cb3cc13 elementor-section-boxed elementor-section-height-default elementor-section-height-default\" data-id=\"cb3cc13\" data-element_type=\"section\">\n\t\t\t\t\t\t<div class=\"elementor-container elementor-column-gap-default\">\n\t\t\t\t\t<div class=\"elementor-column elementor-col-100 elementor-top-column elementor-element elementor-element-9fa8e33\" data-id=\"9fa8e33\" data-element_type=\"column\">\n\t\t\t<div class=\"elementor-widget-wrap elementor-element-populated\">\n\t\t\t\t\t\t<div class=\"elementor-element elementor-element-579406d elementor-widget elementor-widget-text-editor\" data-id=\"579406d\" data-element_type=\"widget\" data-widget_type=\"text-editor.default\">\n\t\t\t\t<div class=\"elementor-widget-container\">\n\t\t\t<style>\/*! elementor - v3.23.0 - 05-08-2024 *\/\n.elementor-widget-text-editor.elementor-drop-cap-view-stacked .elementor-drop-cap{background-color:#69727d;color:#fff}.elementor-widget-text-editor.elementor-drop-cap-view-framed .elementor-drop-cap{color:#69727d;border:3px solid;background-color:transparent}.elementor-widget-text-editor:not(.elementor-drop-cap-view-default) .elementor-drop-cap{margin-top:8px}.elementor-widget-text-editor:not(.elementor-drop-cap-view-default) .elementor-drop-cap-letter{width:1em;height:1em}.elementor-widget-text-editor .elementor-drop-cap{float:left;text-align:center;line-height:1;font-size:50px}.elementor-widget-text-editor .elementor-drop-cap-letter{display:inline-block}<\/style>\t\t\t\t<p>Das Bad Krozinger B\u00fcrgerforum e.V. (KBF) steht f\u00fcr die Einbeziehung interessierter B\u00fcrger in die politische Willensbildung der Gemeinde Bad Krozingen. Zu diesem Zweck bietet das Bad Krozinger B\u00fcrgerforum e.V. (KBF) eine Vielfalt an (Hintergrund-)Informationen aus dem Alltag der Gemeindepolitik und des Gemeinderates mit den M\u00f6glichkeiten der Mitwirkung und Einflussnahme auf die Entwicklung der Gemeinde Bad Krozingen. Das Bad Krozinger&nbsp; B\u00fcrgerforum e.V. (KBF) unterst\u00fctzt die M\u00f6glichkeit, sich an kommunalpolitischen Wahlen in Bad Krozingen zu beteiligen und \u00fcber die Aufstellung auf der Wahlliste des Bad Krozinger B\u00fcrgerforums e.V. (KBF) in den Gemeinderat w\u00e4hlen zu lassen.&nbsp;<span style=\"font-size: 14px; color: var( --e-global-color-text );\">Nachfolgend unsere Positionen zu unseren Themenschwerpunkten in K\u00fcrze!<\/span><\/p>\t\t\t\t\t\t<\/div>\n\t\t\t\t<\/div>\n\t\t\t\t\t<\/div>\n\t\t<\/div>\n\t\t\t\t\t<\/div>\n\t\t<\/section>\n\t\t\t\t<section class=\"elementor-section elementor-top-section elementor-element elementor-element-3526159 elementor-reverse-mobile elementor-section-boxed elementor-section-height-default elementor-section-height-default\" data-id=\"3526159\" data-element_type=\"section\">\n\t\t\t\t\t\t<div class=\"elementor-container elementor-column-gap-default\">\n\t\t\t\t\t<div class=\"elementor-column elementor-col-50 elementor-top-column elementor-element elementor-element-12cef23\" data-id=\"12cef23\" data-element_type=\"column\">\n\t\t\t<div class=\"elementor-widget-wrap elementor-element-populated\">\n\t\t\t\t\t\t<div class=\"elementor-element elementor-element-3253efd elementor-widget elementor-widget-text-editor\" data-id=\"3253efd\" data-element_type=\"widget\" data-widget_type=\"text-editor.default\">\n\t\t\t\t<div class=\"elementor-widget-container\">\n\t\t\t\t\t\t\t<p><strong>Themen-Schwerpunkte: <\/strong><\/p><ol><li><strong>Bau- und verkehrsbezogene Stadtentwicklung, <\/strong><\/li><li><strong>F\u00f6rderung der Wirtschaft, Infrastruktur und Service <\/strong><\/li><li><strong>Umwelt, \u00d6kologie,\u00a0 <\/strong><\/li><li><strong>\u00d6ffentliches Leben, Bildung, Kultur usw.<\/strong><strong>\u00a0<\/strong><\/li><\/ol><p><strong>Zu 1. Bau- und verkehrsbezogene Stadtentwicklung,\u00a0<\/strong><\/p><ul><li>S\u00fcdring\/-rand&#8211;Entlastung<\/li><li>Parksituation inkl. Fahrrad verbessern (Bahnhof, Freiburgerstra\u00dfe Nord)<\/li><li>Mobilit\u00e4t von au\u00dfen verbessern<\/li><li>Radwege \u2013 Kernort \u2013 Teilorte (Konflikte Rad -, Fu\u00dfwege Innerorts)<\/li><li>Engere Vernetzung &#8211; Teilorte mit Bus<\/li><li>Kleine umweltfreundliche Busse (elektro, Brennstoffzelle)<\/li><li>Neuen Ideen mittels Unterst\u00fctzung via Internet, wie beispielsweise eine Bad Krozinger App oder alternativen Verkehrsanbindungen \u00fcber zentrale Haltepunkte f\u00fcr Gruppentransporte analog `Uber`, selbstfahrenden Bussen etc.<\/li><\/ul><p><strong>Zu 2. F\u00f6rderung der Wirtschaft, Infrastruktur und Service<\/strong><\/p><ul><li>Einkaufszentrum S\u00fcd (Lebensmittel, Drogerie, B\u00e4cker) \u2013 zur Entlastung des Innenstadtverkehrs<\/li><li>Erhalt vom Lebensmittelmarkt im Kernort (kl. Hieber)<\/li><li>Zu Fu\u00df alles erreichbar<\/li><li>Barrierefreiheit<\/li><\/ul><p><strong>Zu 3. Umwelt,\u00a0 \u00d6kologie,\u00a0<\/strong><\/p><ul><li>Neumagen als gr\u00fcne pulsierende Lebensader etablieren<\/li><li>F\u00fcr Jung &amp; Alt \u2013 \u201eErlebenskultur<\/li><li>Naherholungsgebiet B. das Gebiet zwischen G\u00e4rtnerei Blau und Herzzentrum &#8211; \u00a0\u00a0 Aufwertung von Gr\u00fcnzonen erhalten:<ul><li>Friedhof<\/li><li>Im Gr\u00fcn<\/li><li>Kurpark<\/li><li>See \u2013 Tulpenbaumallee<\/li><\/ul><\/li><\/ul><p><strong>Zu 4. \u00d6ffentliches Leben, Bildung, Kultur usw.<\/strong><\/p><ul><li>Generations\u00fcbergreifendes Wohnen + Leben, Gesamtkonzept, Verwaltung von au\u00dfen (Stadt, Caritative Organisation)<\/li><li>Saubere Stadt<\/li><li>M\u00fclleimer, Entsorgung<\/li><li>Recycling-Hof auf der Gemarkung Bad Krozingen<\/li><li>Solider Haushalt \u2013 schwarze Null<\/li><li>Soziales \u00f6ffentliches Leben o Bereitstellung von R\u00e4umlichkeiten f\u00fcr Vereine (B\u00fcrgerbudget) zus\u00e4tzlich zu den vorhandenen R\u00e4umlichkeiten<ul><li>Albaneum<\/li><\/ul><\/li><\/ul><p><strong>Anhang zum Positionspapier \u00a0\u00a0\u00a0\u00a0\u00a0\u00a0\u00a0\u00a0\u00a0\u00a0\u00a0\u00a0\u00a0\u00a0\u00a0\u00a0\u00a0\u00a0\u00a0 \u00a0<\/strong><\/p><ul><li>Gemeindehaus<\/li><li>FC Bad Krozingen Vereinsheim<\/li><li>Biengener Halle<\/li><li>Schlatt Halle<\/li><li>Ausbau des Jugend- und Seniorenprogramms<\/li><li>Schaffung generations\u00fcbergreifender Begegnungsr\u00e4ume<\/li><li>Weiterentwicklung \u201eEhrenamtliches soziales Engagement\u201c<\/li><li>Entwicklung eines Stadtfestes<\/li><li>Sicherheit im \u00f6ffentlichen Raum<\/li><li>Integration und Inklusion<\/li><\/ul>\t\t\t\t\t\t<\/div>\n\t\t\t\t<\/div>\n\t\t\t\t\t<\/div>\n\t\t<\/div>\n\t\t\t\t<div class=\"elementor-column elementor-col-50 elementor-top-column elementor-element elementor-element-ed85c19\" data-id=\"ed85c19\" data-element_type=\"column\">\n\t\t\t<div class=\"elementor-widget-wrap elementor-element-populated\">\n\t\t\t\t\t\t<div class=\"elementor-element elementor-element-1f79ccd elementor-widget elementor-widget-image\" data-id=\"1f79ccd\" data-element_type=\"widget\" data-widget_type=\"image.default\">\n\t\t\t\t<div class=\"elementor-widget-container\">\n\t\t\t<style>\/*! elementor - v3.23.0 - 05-08-2024 *\/\n.elementor-widget-image{text-align:center}.elementor-widget-image a{display:inline-block}.elementor-widget-image a img[src$=\".svg\"]{width:48px}.elementor-widget-image img{vertical-align:middle;display:inline-block}<\/style>\t\t\t\t\t\t\t\t\t\t<img fetchpriority=\"high\" decoding=\"async\" width=\"768\" height=\"436\" src=\"https:\/\/www.badkrozinger-buergerforum.de\/wp-content\/uploads\/2022\/10\/Die-GR-im-blauen-Polo-neu-11102022-768x436.jpg\" class=\"attachment-medium_large size-medium_large wp-image-977\" alt=\"\" srcset=\"https:\/\/www.badkrozinger-buergerforum.de\/wp-content\/uploads\/2022\/10\/Die-GR-im-blauen-Polo-neu-11102022-768x436.jpg 768w, https:\/\/www.badkrozinger-buergerforum.de\/wp-content\/uploads\/2022\/10\/Die-GR-im-blauen-Polo-neu-11102022-300x170.jpg 300w, https:\/\/www.badkrozinger-buergerforum.de\/wp-content\/uploads\/2022\/10\/Die-GR-im-blauen-Polo-neu-11102022-1024x582.jpg 1024w, https:\/\/www.badkrozinger-buergerforum.de\/wp-content\/uploads\/2022\/10\/Die-GR-im-blauen-Polo-neu-11102022.jpg 1259w\" sizes=\"(max-width: 768px) 100vw, 768px\" \/>\t\t\t\t\t\t\t\t\t\t\t\t\t<\/div>\n\t\t\t\t<\/div>\n\t\t\t\t\t<\/div>\n\t\t<\/div>\n\t\t\t\t\t<\/div>\n\t\t<\/section>\n\t\t\t\t<\/div>\n\t\t","protected":false},"excerpt":{"rendered":"<p>Daf\u00fcr stehen wir Das Bad Krozinger B\u00fcrgerforum e.V. (KBF) steht f\u00fcr die Einbeziehung interessierter B\u00fcrger in die politische Willensbildung der Gemeinde Bad Krozingen. Zu diesem Zweck bietet das Bad Krozinger B\u00fcrgerforum e.V. (KBF) eine Vielfalt an (Hintergrund-)Informationen aus dem Alltag der Gemeindepolitik und des Gemeinderates mit den M\u00f6glichkeiten der Mitwirkung und Einflussnahme auf die Entwicklung [&hellip;]<\/p>\n","protected":false},"author":1,"featured_media":977,"parent":0,"menu_order":0,"comment_status":"closed","ping_status":"closed","template":"","meta":{"ocean_post_layout":"full-screen","ocean_both_sidebars_style":"","ocean_both_sidebars_content_width":0,"ocean_both_sidebars_sidebars_width":0,"ocean_sidebar":"0","ocean_second_sidebar":"0","ocean_disable_margins":"enable","ocean_add_body_class":"","ocean_shortcode_before_top_bar":"","ocean_shortcode_after_top_bar":"","ocean_shortcode_before_header":"","ocean_shortcode_after_header":"","ocean_has_shortcode":"","ocean_shortcode_after_title":"","ocean_shortcode_before_footer_widgets":"","ocean_shortcode_after_footer_widgets":"","ocean_shortcode_before_footer_bottom":"","ocean_shortcode_after_footer_bottom":"","ocean_display_top_bar":"off","ocean_display_header":"default","ocean_header_style":"","ocean_center_header_left_menu":"0","ocean_custom_header_template":"0","ocean_custom_logo":0,"ocean_custom_retina_logo":0,"ocean_custom_logo_max_width":0,"ocean_custom_logo_tablet_max_width":0,"ocean_custom_logo_mobile_max_width":0,"ocean_custom_logo_max_height":0,"ocean_custom_logo_tablet_max_height":0,"ocean_custom_logo_mobile_max_height":0,"ocean_header_custom_menu":"0","ocean_menu_typo_font_family":"0","ocean_menu_typo_font_subset":"","ocean_menu_typo_font_size":0,"ocean_menu_typo_font_size_tablet":0,"ocean_menu_typo_font_size_mobile":0,"ocean_menu_typo_font_size_unit":"px","ocean_menu_typo_font_weight":"","ocean_menu_typo_font_weight_tablet":"","ocean_menu_typo_font_weight_mobile":"","ocean_menu_typo_transform":"","ocean_menu_typo_transform_tablet":"","ocean_menu_typo_transform_mobile":"","ocean_menu_typo_line_height":0,"ocean_menu_typo_line_height_tablet":0,"ocean_menu_typo_line_height_mobile":0,"ocean_menu_typo_line_height_unit":"","ocean_menu_typo_spacing":0,"ocean_menu_typo_spacing_tablet":0,"ocean_menu_typo_spacing_mobile":0,"ocean_menu_typo_spacing_unit":"","ocean_menu_link_color":"","ocean_menu_link_color_hover":"","ocean_menu_link_color_active":"","ocean_menu_link_background":"","ocean_menu_link_hover_background":"","ocean_menu_link_active_background":"","ocean_menu_social_links_bg":"","ocean_menu_social_hover_links_bg":"","ocean_menu_social_links_color":"","ocean_menu_social_hover_links_color":"","ocean_disable_title":"on","ocean_disable_heading":"on","ocean_post_title":"","ocean_post_subheading":"","ocean_post_title_style":"","ocean_post_title_background_color":"","ocean_post_title_background":0,"ocean_post_title_bg_image_position":"","ocean_post_title_bg_image_attachment":"","ocean_post_title_bg_image_repeat":"","ocean_post_title_bg_image_size":"","ocean_post_title_height":0,"ocean_post_title_bg_overlay":0.5,"ocean_post_title_bg_overlay_color":"","ocean_disable_breadcrumbs":"off","ocean_breadcrumbs_color":"","ocean_breadcrumbs_separator_color":"","ocean_breadcrumbs_links_color":"","ocean_breadcrumbs_links_hover_color":"","ocean_display_footer_widgets":"default","ocean_display_footer_bottom":"default","ocean_custom_footer_template":"0"},"yoast_head":"<!-- This site is optimized with the Yoast SEO plugin v21.1 - https:\/\/yoast.com\/wordpress\/plugins\/seo\/ -->\n<title>Kurzfassung - Bad Krozinger B\u00fcrgerforum e.V.<\/title>\n<meta name=\"robots\" content=\"index, follow, max-snippet:-1, max-image-preview:large, max-video-preview:-1\" \/>\n<link rel=\"canonical\" href=\"https:\/\/www.badkrozinger-buergerforum.de\/index.php\/position\/\" \/>\n<meta property=\"og:locale\" content=\"de_DE\" \/>\n<meta property=\"og:type\" content=\"article\" \/>\n<meta property=\"og:title\" content=\"Kurzfassung - Bad Krozinger B\u00fcrgerforum e.V.\" \/>\n<meta property=\"og:description\" content=\"Daf\u00fcr stehen wir Das Bad Krozinger B\u00fcrgerforum e.V. (KBF) steht f\u00fcr die Einbeziehung interessierter B\u00fcrger in die politische Willensbildung der Gemeinde Bad Krozingen. Zu diesem Zweck bietet das Bad Krozinger B\u00fcrgerforum e.V. (KBF) eine Vielfalt an (Hintergrund-)Informationen aus dem Alltag der Gemeindepolitik und des Gemeinderates mit den M\u00f6glichkeiten der Mitwirkung und Einflussnahme auf die Entwicklung [&hellip;]\" \/>\n<meta property=\"og:url\" content=\"https:\/\/www.badkrozinger-buergerforum.de\/index.php\/position\/\" \/>\n<meta property=\"og:site_name\" content=\"Bad Krozinger B\u00fcrgerforum e.V.\" \/>\n<meta property=\"article:modified_time\" content=\"2022-10-11T13:24:02+00:00\" \/>\n<meta property=\"og:image\" content=\"https:\/\/www.badkrozinger-buergerforum.de\/wp-content\/uploads\/2022\/10\/Die-GR-im-blauen-Polo-neu-11102022.jpg\" \/>\n\t<meta property=\"og:image:width\" content=\"1259\" \/>\n\t<meta property=\"og:image:height\" content=\"715\" \/>\n\t<meta property=\"og:image:type\" content=\"image\/jpeg\" \/>\n<meta name=\"twitter:card\" content=\"summary_large_image\" \/>\n<meta name=\"twitter:label1\" content=\"Gesch\u00e4tzte Lesezeit\" \/>\n\t<meta name=\"twitter:data1\" content=\"3\u00a0Minuten\" \/>\n<script type=\"application\/ld+json\" class=\"yoast-schema-graph\">{\"@context\":\"https:\/\/schema.org\",\"@graph\":[{\"@type\":\"WebPage\",\"@id\":\"https:\/\/www.badkrozinger-buergerforum.de\/index.php\/position\/\",\"url\":\"https:\/\/www.badkrozinger-buergerforum.de\/index.php\/position\/\",\"name\":\"Kurzfassung - Bad Krozinger B\u00fcrgerforum e.V.\",\"isPartOf\":{\"@id\":\"https:\/\/www.badkrozinger-buergerforum.de\/#website\"},\"datePublished\":\"2021-08-30T11:11:06+00:00\",\"dateModified\":\"2022-10-11T13:24:02+00:00\",\"breadcrumb\":{\"@id\":\"https:\/\/www.badkrozinger-buergerforum.de\/index.php\/position\/#breadcrumb\"},\"inLanguage\":\"de\",\"potentialAction\":[{\"@type\":\"ReadAction\",\"target\":[\"https:\/\/www.badkrozinger-buergerforum.de\/index.php\/position\/\"]}]},{\"@type\":\"BreadcrumbList\",\"@id\":\"https:\/\/www.badkrozinger-buergerforum.de\/index.php\/position\/#breadcrumb\",\"itemListElement\":[{\"@type\":\"ListItem\",\"position\":1,\"name\":\"Startseite\",\"item\":\"https:\/\/www.badkrozinger-buergerforum.de\/\"},{\"@type\":\"ListItem\",\"position\":2,\"name\":\"Kurzfassung\"}]},{\"@type\":\"WebSite\",\"@id\":\"https:\/\/www.badkrozinger-buergerforum.de\/#website\",\"url\":\"https:\/\/www.badkrozinger-buergerforum.de\/\",\"name\":\"Bad Krozinger B\u00fcrgerforum e.V.\",\"description\":\"\",\"publisher\":{\"@id\":\"https:\/\/www.badkrozinger-buergerforum.de\/#organization\"},\"potentialAction\":[{\"@type\":\"SearchAction\",\"target\":{\"@type\":\"EntryPoint\",\"urlTemplate\":\"https:\/\/www.badkrozinger-buergerforum.de\/?s={search_term_string}\"},\"query-input\":\"required name=search_term_string\"}],\"inLanguage\":\"de\"},{\"@type\":\"Organization\",\"@id\":\"https:\/\/www.badkrozinger-buergerforum.de\/#organization\",\"name\":\"Bad Krozinger B\u00fcrgerforum e.V.\",\"url\":\"https:\/\/www.badkrozinger-buergerforum.de\/\",\"logo\":{\"@type\":\"ImageObject\",\"inLanguage\":\"de\",\"@id\":\"https:\/\/www.badkrozinger-buergerforum.de\/#\/schema\/logo\/image\/\",\"url\":\"https:\/\/www.badkrozinger-buergerforum.de\/wp-content\/uploads\/2021\/09\/Buergerforum-Bad-Krozingen-1.png\",\"contentUrl\":\"https:\/\/www.badkrozinger-buergerforum.de\/wp-content\/uploads\/2021\/09\/Buergerforum-Bad-Krozingen-1.png\",\"width\":3000,\"height\":1500,\"caption\":\"Bad Krozinger B\u00fcrgerforum e.V.\"},\"image\":{\"@id\":\"https:\/\/www.badkrozinger-buergerforum.de\/#\/schema\/logo\/image\/\"}}]}<\/script>\n<!-- \/ Yoast SEO plugin. -->","yoast_head_json":{"title":"Kurzfassung - Bad Krozinger B\u00fcrgerforum e.V.","robots":{"index":"index","follow":"follow","max-snippet":"max-snippet:-1","max-image-preview":"max-image-preview:large","max-video-preview":"max-video-preview:-1"},"canonical":"https:\/\/www.badkrozinger-buergerforum.de\/index.php\/position\/","og_locale":"de_DE","og_type":"article","og_title":"Kurzfassung - Bad Krozinger B\u00fcrgerforum e.V.","og_description":"Daf\u00fcr stehen wir Das Bad Krozinger B\u00fcrgerforum e.V. (KBF) steht f\u00fcr die Einbeziehung interessierter B\u00fcrger in die politische Willensbildung der Gemeinde Bad Krozingen. Zu diesem Zweck bietet das Bad Krozinger B\u00fcrgerforum e.V. (KBF) eine Vielfalt an (Hintergrund-)Informationen aus dem Alltag der Gemeindepolitik und des Gemeinderates mit den M\u00f6glichkeiten der Mitwirkung und Einflussnahme auf die Entwicklung [&hellip;]","og_url":"https:\/\/www.badkrozinger-buergerforum.de\/index.php\/position\/","og_site_name":"Bad Krozinger B\u00fcrgerforum e.V.","article_modified_time":"2022-10-11T13:24:02+00:00","og_image":[{"width":1259,"height":715,"url":"https:\/\/www.badkrozinger-buergerforum.de\/wp-content\/uploads\/2022\/10\/Die-GR-im-blauen-Polo-neu-11102022.jpg","type":"image\/jpeg"}],"twitter_card":"summary_large_image","twitter_misc":{"Gesch\u00e4tzte Lesezeit":"3\u00a0Minuten"},"schema":{"@context":"https:\/\/schema.org","@graph":[{"@type":"WebPage","@id":"https:\/\/www.badkrozinger-buergerforum.de\/index.php\/position\/","url":"https:\/\/www.badkrozinger-buergerforum.de\/index.php\/position\/","name":"Kurzfassung - Bad Krozinger B\u00fcrgerforum e.V.","isPartOf":{"@id":"https:\/\/www.badkrozinger-buergerforum.de\/#website"},"datePublished":"2021-08-30T11:11:06+00:00","dateModified":"2022-10-11T13:24:02+00:00","breadcrumb":{"@id":"https:\/\/www.badkrozinger-buergerforum.de\/index.php\/position\/#breadcrumb"},"inLanguage":"de","potentialAction":[{"@type":"ReadAction","target":["https:\/\/www.badkrozinger-buergerforum.de\/index.php\/position\/"]}]},{"@type":"BreadcrumbList","@id":"https:\/\/www.badkrozinger-buergerforum.de\/index.php\/position\/#breadcrumb","itemListElement":[{"@type":"ListItem","position":1,"name":"Startseite","item":"https:\/\/www.badkrozinger-buergerforum.de\/"},{"@type":"ListItem","position":2,"name":"Kurzfassung"}]},{"@type":"WebSite","@id":"https:\/\/www.badkrozinger-buergerforum.de\/#website","url":"https:\/\/www.badkrozinger-buergerforum.de\/","name":"Bad Krozinger B\u00fcrgerforum e.V.","description":"","publisher":{"@id":"https:\/\/www.badkrozinger-buergerforum.de\/#organization"},"potentialAction":[{"@type":"SearchAction","target":{"@type":"EntryPoint","urlTemplate":"https:\/\/www.badkrozinger-buergerforum.de\/?s={search_term_string}"},"query-input":"required name=search_term_string"}],"inLanguage":"de"},{"@type":"Organization","@id":"https:\/\/www.badkrozinger-buergerforum.de\/#organization","name":"Bad Krozinger B\u00fcrgerforum e.V.","url":"https:\/\/www.badkrozinger-buergerforum.de\/","logo":{"@type":"ImageObject","inLanguage":"de","@id":"https:\/\/www.badkrozinger-buergerforum.de\/#\/schema\/logo\/image\/","url":"https:\/\/www.badkrozinger-buergerforum.de\/wp-content\/uploads\/2021\/09\/Buergerforum-Bad-Krozingen-1.png","contentUrl":"https:\/\/www.badkrozinger-buergerforum.de\/wp-content\/uploads\/2021\/09\/Buergerforum-Bad-Krozingen-1.png","width":3000,"height":1500,"caption":"Bad Krozinger B\u00fcrgerforum e.V."},"image":{"@id":"https:\/\/www.badkrozinger-buergerforum.de\/#\/schema\/logo\/image\/"}}]}},"_links":{"self":[{"href":"https:\/\/www.badkrozinger-buergerforum.de\/index.php\/wp-json\/wp\/v2\/pages\/144"}],"collection":[{"href":"https:\/\/www.badkrozinger-buergerforum.de\/index.php\/wp-json\/wp\/v2\/pages"}],"about":[{"href":"https:\/\/www.badkrozinger-buergerforum.de\/index.php\/wp-json\/wp\/v2\/types\/page"}],"author":[{"embeddable":true,"href":"https:\/\/www.badkrozinger-buergerforum.de\/index.php\/wp-json\/wp\/v2\/users\/1"}],"replies":[{"embeddable":true,"href":"https:\/\/www.badkrozinger-buergerforum.de\/index.php\/wp-json\/wp\/v2\/comments?post=144"}],"version-history":[{"count":43,"href":"https:\/\/www.badkrozinger-buergerforum.de\/index.php\/wp-json\/wp\/v2\/pages\/144\/revisions"}],"predecessor-version":[{"id":981,"href":"https:\/\/www.badkrozinger-buergerforum.de\/index.php\/wp-json\/wp\/v2\/pages\/144\/revisions\/981"}],"wp:featuredmedia":[{"embeddable":true,"href":"https:\/\/www.badkrozinger-buergerforum.de\/index.php\/wp-json\/wp\/v2\/media\/977"}],"wp:attachment":[{"href":"https:\/\/www.badkrozinger-buergerforum.de\/index.php\/wp-json\/wp\/v2\/media?parent=144"}],"curies":[{"name":"wp","href":"https:\/\/api.w.org\/{rel}","templated":true}]}}