{"id":169,"date":"2021-09-15T21:37:37","date_gmt":"2021-09-15T21:37:37","guid":{"rendered":"https:\/\/kbf.benjaminkuerten.de\/?page_id=169"},"modified":"2021-09-16T22:11:37","modified_gmt":"2021-09-16T22:11:37","slug":"impressum","status":"publish","type":"page","link":"https:\/\/www.badkrozinger-buergerforum.de\/index.php\/impressum\/","title":{"rendered":"Impressum"},"content":{"rendered":"\t\t<div data-elementor-type=\"wp-page\" data-elementor-id=\"169\" class=\"elementor elementor-169\">\n\t\t\t\t\t\t<section class=\"elementor-section elementor-top-section elementor-element elementor-element-0a759da elementor-section-boxed elementor-section-height-default elementor-section-height-default\" data-id=\"0a759da\" data-element_type=\"section\">\n\t\t\t\t\t\t<div class=\"elementor-container elementor-column-gap-default\">\n\t\t\t\t\t<div class=\"elementor-column elementor-col-100 elementor-top-column elementor-element elementor-element-86fee14\" data-id=\"86fee14\" data-element_type=\"column\">\n\t\t\t<div class=\"elementor-widget-wrap elementor-element-populated\">\n\t\t\t\t\t\t<div class=\"elementor-element elementor-element-f0e50ef elementor-widget elementor-widget-text-editor\" data-id=\"f0e50ef\" data-element_type=\"widget\" data-widget_type=\"text-editor.default\">\n\t\t\t\t<div class=\"elementor-widget-container\">\n\t\t\t<style>\/*! elementor - v3.23.0 - 05-08-2024 *\/\n.elementor-widget-text-editor.elementor-drop-cap-view-stacked .elementor-drop-cap{background-color:#69727d;color:#fff}.elementor-widget-text-editor.elementor-drop-cap-view-framed .elementor-drop-cap{color:#69727d;border:3px solid;background-color:transparent}.elementor-widget-text-editor:not(.elementor-drop-cap-view-default) .elementor-drop-cap{margin-top:8px}.elementor-widget-text-editor:not(.elementor-drop-cap-view-default) .elementor-drop-cap-letter{width:1em;height:1em}.elementor-widget-text-editor .elementor-drop-cap{float:left;text-align:center;line-height:1;font-size:50px}.elementor-widget-text-editor .elementor-drop-cap-letter{display:inline-block}<\/style>\t\t\t\t<h1>Impressum<\/h1>\n\n<h2>Angaben gem&auml;&szlig; &sect; 5 TMG<\/h2>\n<p>Bad Krozinger B\u00fcrgerforum e.V. (&quot;KBF&quot;)<br \/>\nG&auml;rtnerweg 2<br \/>\n79189 Bad Krozingen<\/p>\n\n<p><strong>Vertreten durch:<\/strong><br \/>\nTill Peter<\/p>\n\n<h2>Kontakt<\/h2>\n<p>Telefon: 07633 &#8211; 9233709<br \/>\nTelefax: 07633 &#8211; 150192<br \/>\nE-Mail: info@kbf-badkrozingen.de<\/p>\n\n<h2>EU-Streitschlichtung<\/h2>\n<p>Die Europ&auml;ische Kommission stellt eine Plattform zur Online-Streitbeilegung (OS) bereit: <a href=\"https:\/\/ec.europa.eu\/consumers\/odr\/\" target=\"_blank\" rel=\"noopener noreferrer\">https:\/\/ec.europa.eu\/consumers\/odr\/<\/a>.<br \/> Unsere E-Mail-Adresse finden Sie oben im Impressum.<\/p>\n\n<h2>Verbraucher&shy;streit&shy;beilegung\/Universal&shy;schlichtungs&shy;stelle<\/h2>\n<p>Wir sind nicht bereit oder verpflichtet, an Streitbeilegungsverfahren vor einer Verbraucherschlichtungsstelle teilzunehmen.<\/p>\n\t\t\t\t\t\t<\/div>\n\t\t\t\t<\/div>\n\t\t\t\t\t<\/div>\n\t\t<\/div>\n\t\t\t\t\t<\/div>\n\t\t<\/section>\n\t\t\t\t<\/div>\n\t\t","protected":false},"excerpt":{"rendered":"<p>Impressum Angaben gem\u00e4\u00df \u00a7 5 TMG Bad Krozinger B\u00fcrgerforum e.V. (&#8222;KBF&#8220;) G\u00e4rtnerweg 2 79189 Bad Krozingen Vertreten durch: Till Peter Kontakt Telefon: 07633 &#8211; 9233709 Telefax: 07633 &#8211; 150192 E-Mail: info@kbf-badkrozingen.de EU-Streitschlichtung Die Europ\u00e4ische Kommission stellt eine Plattform zur Online-Streitbeilegung (OS) bereit: https:\/\/ec.europa.eu\/consumers\/odr\/. Unsere E-Mail-Adresse finden Sie oben im Impressum. Verbraucher\u00adstreit\u00adbeilegung\/Universal\u00adschlichtungs\u00adstelle Wir sind nicht bereit [&hellip;]<\/p>\n","protected":false},"author":1,"featured_media":0,"parent":0,"menu_order":0,"comment_status":"closed","ping_status":"closed","template":"","meta":{"ocean_post_layout":"full-screen","ocean_both_sidebars_style":"","ocean_both_sidebars_content_width":0,"ocean_both_sidebars_sidebars_width":0,"ocean_sidebar":"0","ocean_second_sidebar":"0","ocean_disable_margins":"enable","ocean_add_body_class":"","ocean_shortcode_before_top_bar":"","ocean_shortcode_after_top_bar":"","ocean_shortcode_before_header":"","ocean_shortcode_after_header":"","ocean_has_shortcode":"","ocean_shortcode_after_title":"","ocean_shortcode_before_footer_widgets":"","ocean_shortcode_after_footer_widgets":"","ocean_shortcode_before_footer_bottom":"","ocean_shortcode_after_footer_bottom":"","ocean_display_top_bar":"default","ocean_display_header":"default","ocean_header_style":"","ocean_center_header_left_menu":"0","ocean_custom_header_template":"0","ocean_custom_logo":0,"ocean_custom_retina_logo":0,"ocean_custom_logo_max_width":0,"ocean_custom_logo_tablet_max_width":0,"ocean_custom_logo_mobile_max_width":0,"ocean_custom_logo_max_height":0,"ocean_custom_logo_tablet_max_height":0,"ocean_custom_logo_mobile_max_height":0,"ocean_header_custom_menu":"0","ocean_menu_typo_font_family":"0","ocean_menu_typo_font_subset":"","ocean_menu_typo_font_size":0,"ocean_menu_typo_font_size_tablet":0,"ocean_menu_typo_font_size_mobile":0,"ocean_menu_typo_font_size_unit":"px","ocean_menu_typo_font_weight":"","ocean_menu_typo_font_weight_tablet":"","ocean_menu_typo_font_weight_mobile":"","ocean_menu_typo_transform":"","ocean_menu_typo_transform_tablet":"","ocean_menu_typo_transform_mobile":"","ocean_menu_typo_line_height":0,"ocean_menu_typo_line_height_tablet":0,"ocean_menu_typo_line_height_mobile":0,"ocean_menu_typo_line_height_unit":"","ocean_menu_typo_spacing":0,"ocean_menu_typo_spacing_tablet":0,"ocean_menu_typo_spacing_mobile":0,"ocean_menu_typo_spacing_unit":"","ocean_menu_link_color":"","ocean_menu_link_color_hover":"","ocean_menu_link_color_active":"","ocean_menu_link_background":"","ocean_menu_link_hover_background":"","ocean_menu_link_active_background":"","ocean_menu_social_links_bg":"","ocean_menu_social_hover_links_bg":"","ocean_menu_social_links_color":"","ocean_menu_social_hover_links_color":"","ocean_disable_title":"on","ocean_disable_heading":"on","ocean_post_title":"","ocean_post_subheading":"","ocean_post_title_style":"","ocean_post_title_background_color":"","ocean_post_title_background":0,"ocean_post_title_bg_image_position":"","ocean_post_title_bg_image_attachment":"","ocean_post_title_bg_image_repeat":"","ocean_post_title_bg_image_size":"","ocean_post_title_height":0,"ocean_post_title_bg_overlay":0.5,"ocean_post_title_bg_overlay_color":"","ocean_disable_breadcrumbs":"off","ocean_breadcrumbs_color":"","ocean_breadcrumbs_separator_color":"","ocean_breadcrumbs_links_color":"","ocean_breadcrumbs_links_hover_color":"","ocean_display_footer_widgets":"default","ocean_display_footer_bottom":"default","ocean_custom_footer_template":"0"},"yoast_head":"<!-- This site is optimized with the Yoast SEO plugin v21.1 - https:\/\/yoast.com\/wordpress\/plugins\/seo\/ -->\n<title>Impressum - Bad Krozinger B\u00fcrgerforum e.V.<\/title>\n<meta name=\"robots\" content=\"index, follow, max-snippet:-1, max-image-preview:large, max-video-preview:-1\" \/>\n<link rel=\"canonical\" href=\"https:\/\/www.badkrozinger-buergerforum.de\/index.php\/impressum\/\" \/>\n<meta property=\"og:locale\" content=\"de_DE\" \/>\n<meta property=\"og:type\" content=\"article\" \/>\n<meta property=\"og:title\" content=\"Impressum - Bad Krozinger B\u00fcrgerforum e.V.\" \/>\n<meta property=\"og:description\" content=\"Impressum Angaben gem\u00e4\u00df \u00a7 5 TMG Bad Krozinger B\u00fcrgerforum e.V. (&#8222;KBF&#8220;) G\u00e4rtnerweg 2 79189 Bad Krozingen Vertreten durch: Till Peter Kontakt Telefon: 07633 &#8211; 9233709 Telefax: 07633 &#8211; 150192 E-Mail: info@kbf-badkrozingen.de EU-Streitschlichtung Die Europ\u00e4ische Kommission stellt eine Plattform zur Online-Streitbeilegung (OS) bereit: https:\/\/ec.europa.eu\/consumers\/odr\/. Unsere E-Mail-Adresse finden Sie oben im Impressum. Verbraucher\u00adstreit\u00adbeilegung\/Universal\u00adschlichtungs\u00adstelle Wir sind nicht bereit [&hellip;]\" \/>\n<meta property=\"og:url\" content=\"https:\/\/www.badkrozinger-buergerforum.de\/index.php\/impressum\/\" \/>\n<meta property=\"og:site_name\" content=\"Bad Krozinger B\u00fcrgerforum e.V.\" \/>\n<meta property=\"article:modified_time\" content=\"2021-09-16T22:11:37+00:00\" \/>\n<meta name=\"twitter:card\" content=\"summary_large_image\" \/>\n<script type=\"application\/ld+json\" class=\"yoast-schema-graph\">{\"@context\":\"https:\/\/schema.org\",\"@graph\":[{\"@type\":\"WebPage\",\"@id\":\"https:\/\/www.badkrozinger-buergerforum.de\/index.php\/impressum\/\",\"url\":\"https:\/\/www.badkrozinger-buergerforum.de\/index.php\/impressum\/\",\"name\":\"Impressum - Bad Krozinger B\u00fcrgerforum e.V.\",\"isPartOf\":{\"@id\":\"https:\/\/www.badkrozinger-buergerforum.de\/#website\"},\"datePublished\":\"2021-09-15T21:37:37+00:00\",\"dateModified\":\"2021-09-16T22:11:37+00:00\",\"breadcrumb\":{\"@id\":\"https:\/\/www.badkrozinger-buergerforum.de\/index.php\/impressum\/#breadcrumb\"},\"inLanguage\":\"de\",\"potentialAction\":[{\"@type\":\"ReadAction\",\"target\":[\"https:\/\/www.badkrozinger-buergerforum.de\/index.php\/impressum\/\"]}]},{\"@type\":\"BreadcrumbList\",\"@id\":\"https:\/\/www.badkrozinger-buergerforum.de\/index.php\/impressum\/#breadcrumb\",\"itemListElement\":[{\"@type\":\"ListItem\",\"position\":1,\"name\":\"Startseite\",\"item\":\"https:\/\/www.badkrozinger-buergerforum.de\/\"},{\"@type\":\"ListItem\",\"position\":2,\"name\":\"Impressum\"}]},{\"@type\":\"WebSite\",\"@id\":\"https:\/\/www.badkrozinger-buergerforum.de\/#website\",\"url\":\"https:\/\/www.badkrozinger-buergerforum.de\/\",\"name\":\"Bad Krozinger B\u00fcrgerforum e.V.\",\"description\":\"\",\"publisher\":{\"@id\":\"https:\/\/www.badkrozinger-buergerforum.de\/#organization\"},\"potentialAction\":[{\"@type\":\"SearchAction\",\"target\":{\"@type\":\"EntryPoint\",\"urlTemplate\":\"https:\/\/www.badkrozinger-buergerforum.de\/?s={search_term_string}\"},\"query-input\":\"required name=search_term_string\"}],\"inLanguage\":\"de\"},{\"@type\":\"Organization\",\"@id\":\"https:\/\/www.badkrozinger-buergerforum.de\/#organization\",\"name\":\"Bad Krozinger B\u00fcrgerforum e.V.\",\"url\":\"https:\/\/www.badkrozinger-buergerforum.de\/\",\"logo\":{\"@type\":\"ImageObject\",\"inLanguage\":\"de\",\"@id\":\"https:\/\/www.badkrozinger-buergerforum.de\/#\/schema\/logo\/image\/\",\"url\":\"https:\/\/www.badkrozinger-buergerforum.de\/wp-content\/uploads\/2021\/09\/Buergerforum-Bad-Krozingen-1.png\",\"contentUrl\":\"https:\/\/www.badkrozinger-buergerforum.de\/wp-content\/uploads\/2021\/09\/Buergerforum-Bad-Krozingen-1.png\",\"width\":3000,\"height\":1500,\"caption\":\"Bad Krozinger B\u00fcrgerforum e.V.\"},\"image\":{\"@id\":\"https:\/\/www.badkrozinger-buergerforum.de\/#\/schema\/logo\/image\/\"}}]}<\/script>\n<!-- \/ Yoast SEO plugin. -->","yoast_head_json":{"title":"Impressum - Bad Krozinger B\u00fcrgerforum e.V.","robots":{"index":"index","follow":"follow","max-snippet":"max-snippet:-1","max-image-preview":"max-image-preview:large","max-video-preview":"max-video-preview:-1"},"canonical":"https:\/\/www.badkrozinger-buergerforum.de\/index.php\/impressum\/","og_locale":"de_DE","og_type":"article","og_title":"Impressum - Bad Krozinger B\u00fcrgerforum e.V.","og_description":"Impressum Angaben gem\u00e4\u00df \u00a7 5 TMG Bad Krozinger B\u00fcrgerforum e.V. (&#8222;KBF&#8220;) G\u00e4rtnerweg 2 79189 Bad Krozingen Vertreten durch: Till Peter Kontakt Telefon: 07633 &#8211; 9233709 Telefax: 07633 &#8211; 150192 E-Mail: info@kbf-badkrozingen.de EU-Streitschlichtung Die Europ\u00e4ische Kommission stellt eine Plattform zur Online-Streitbeilegung (OS) bereit: https:\/\/ec.europa.eu\/consumers\/odr\/. Unsere E-Mail-Adresse finden Sie oben im Impressum. Verbraucher\u00adstreit\u00adbeilegung\/Universal\u00adschlichtungs\u00adstelle Wir sind nicht bereit [&hellip;]","og_url":"https:\/\/www.badkrozinger-buergerforum.de\/index.php\/impressum\/","og_site_name":"Bad Krozinger B\u00fcrgerforum e.V.","article_modified_time":"2021-09-16T22:11:37+00:00","twitter_card":"summary_large_image","schema":{"@context":"https:\/\/schema.org","@graph":[{"@type":"WebPage","@id":"https:\/\/www.badkrozinger-buergerforum.de\/index.php\/impressum\/","url":"https:\/\/www.badkrozinger-buergerforum.de\/index.php\/impressum\/","name":"Impressum - Bad Krozinger B\u00fcrgerforum e.V.","isPartOf":{"@id":"https:\/\/www.badkrozinger-buergerforum.de\/#website"},"datePublished":"2021-09-15T21:37:37+00:00","dateModified":"2021-09-16T22:11:37+00:00","breadcrumb":{"@id":"https:\/\/www.badkrozinger-buergerforum.de\/index.php\/impressum\/#breadcrumb"},"inLanguage":"de","potentialAction":[{"@type":"ReadAction","target":["https:\/\/www.badkrozinger-buergerforum.de\/index.php\/impressum\/"]}]},{"@type":"BreadcrumbList","@id":"https:\/\/www.badkrozinger-buergerforum.de\/index.php\/impressum\/#breadcrumb","itemListElement":[{"@type":"ListItem","position":1,"name":"Startseite","item":"https:\/\/www.badkrozinger-buergerforum.de\/"},{"@type":"ListItem","position":2,"name":"Impressum"}]},{"@type":"WebSite","@id":"https:\/\/www.badkrozinger-buergerforum.de\/#website","url":"https:\/\/www.badkrozinger-buergerforum.de\/","name":"Bad Krozinger B\u00fcrgerforum e.V.","description":"","publisher":{"@id":"https:\/\/www.badkrozinger-buergerforum.de\/#organization"},"potentialAction":[{"@type":"SearchAction","target":{"@type":"EntryPoint","urlTemplate":"https:\/\/www.badkrozinger-buergerforum.de\/?s={search_term_string}"},"query-input":"required name=search_term_string"}],"inLanguage":"de"},{"@type":"Organization","@id":"https:\/\/www.badkrozinger-buergerforum.de\/#organization","name":"Bad Krozinger B\u00fcrgerforum e.V.","url":"https:\/\/www.badkrozinger-buergerforum.de\/","logo":{"@type":"ImageObject","inLanguage":"de","@id":"https:\/\/www.badkrozinger-buergerforum.de\/#\/schema\/logo\/image\/","url":"https:\/\/www.badkrozinger-buergerforum.de\/wp-content\/uploads\/2021\/09\/Buergerforum-Bad-Krozingen-1.png","contentUrl":"https:\/\/www.badkrozinger-buergerforum.de\/wp-content\/uploads\/2021\/09\/Buergerforum-Bad-Krozingen-1.png","width":3000,"height":1500,"caption":"Bad Krozinger B\u00fcrgerforum e.V."},"image":{"@id":"https:\/\/www.badkrozinger-buergerforum.de\/#\/schema\/logo\/image\/"}}]}},"_links":{"self":[{"href":"https:\/\/www.badkrozinger-buergerforum.de\/index.php\/wp-json\/wp\/v2\/pages\/169"}],"collection":[{"href":"https:\/\/www.badkrozinger-buergerforum.de\/index.php\/wp-json\/wp\/v2\/pages"}],"about":[{"href":"https:\/\/www.badkrozinger-buergerforum.de\/index.php\/wp-json\/wp\/v2\/types\/page"}],"author":[{"embeddable":true,"href":"https:\/\/www.badkrozinger-buergerforum.de\/index.php\/wp-json\/wp\/v2\/users\/1"}],"replies":[{"embeddable":true,"href":"https:\/\/www.badkrozinger-buergerforum.de\/index.php\/wp-json\/wp\/v2\/comments?post=169"}],"version-history":[{"count":6,"href":"https:\/\/www.badkrozinger-buergerforum.de\/index.php\/wp-json\/wp\/v2\/pages\/169\/revisions"}],"predecessor-version":[{"id":259,"href":"https:\/\/www.badkrozinger-buergerforum.de\/index.php\/wp-json\/wp\/v2\/pages\/169\/revisions\/259"}],"wp:attachment":[{"href":"https:\/\/www.badkrozinger-buergerforum.de\/index.php\/wp-json\/wp\/v2\/media?parent=169"}],"curies":[{"name":"wp","href":"https:\/\/api.w.org\/{rel}","templated":true}]}}