{"id":176,"date":"2021-09-15T21:42:13","date_gmt":"2021-09-15T21:42:13","guid":{"rendered":"https:\/\/kbf.benjaminkuerten.de\/?page_id=176"},"modified":"2021-11-08T19:33:43","modified_gmt":"2021-11-08T17:33:43","slug":"karola-kreutz-2","status":"publish","type":"page","link":"https:\/\/www.badkrozinger-buergerforum.de\/index.php\/karola-kreutz-2\/","title":{"rendered":"Karola Kreutz"},"content":{"rendered":"\t\t<div data-elementor-type=\"wp-page\" data-elementor-id=\"176\" class=\"elementor elementor-176\">\n\t\t\t\t\t\t<section class=\"elementor-section elementor-top-section elementor-element elementor-element-16b6640 elementor-section-boxed elementor-section-height-default elementor-section-height-default\" data-id=\"16b6640\" data-element_type=\"section\">\n\t\t\t\t\t\t<div class=\"elementor-container elementor-column-gap-default\">\n\t\t\t\t\t<div class=\"elementor-column elementor-col-50 elementor-top-column elementor-element elementor-element-b0f0abb\" data-id=\"b0f0abb\" data-element_type=\"column\">\n\t\t\t<div class=\"elementor-widget-wrap elementor-element-populated\">\n\t\t\t\t\t\t<div class=\"elementor-element elementor-element-c9bc4ee elementor-widget elementor-widget-image\" data-id=\"c9bc4ee\" data-element_type=\"widget\" data-widget_type=\"image.default\">\n\t\t\t\t<div class=\"elementor-widget-container\">\n\t\t\t<style>\/*! elementor - v3.23.0 - 05-08-2024 *\/\n.elementor-widget-image{text-align:center}.elementor-widget-image a{display:inline-block}.elementor-widget-image a img[src$=\".svg\"]{width:48px}.elementor-widget-image img{vertical-align:middle;display:inline-block}<\/style>\t\t\t\t\t\t\t\t\t\t<img fetchpriority=\"high\" decoding=\"async\" width=\"200\" height=\"300\" src=\"https:\/\/www.badkrozinger-buergerforum.de\/wp-content\/uploads\/2021\/08\/karola_kreutz-200x300.jpg\" class=\"attachment-medium size-medium wp-image-36\" alt=\"\" srcset=\"https:\/\/www.badkrozinger-buergerforum.de\/wp-content\/uploads\/2021\/08\/karola_kreutz-200x300.jpg 200w, https:\/\/www.badkrozinger-buergerforum.de\/wp-content\/uploads\/2021\/08\/karola_kreutz.jpg 267w\" sizes=\"(max-width: 200px) 100vw, 200px\" \/>\t\t\t\t\t\t\t\t\t\t\t\t\t<\/div>\n\t\t\t\t<\/div>\n\t\t\t\t\t<\/div>\n\t\t<\/div>\n\t\t\t\t<div class=\"elementor-column elementor-col-50 elementor-top-column elementor-element elementor-element-83ad876\" data-id=\"83ad876\" data-element_type=\"column\">\n\t\t\t<div class=\"elementor-widget-wrap elementor-element-populated\">\n\t\t\t\t\t\t<div class=\"elementor-element elementor-element-102dad4 elementor-widget elementor-widget-heading\" data-id=\"102dad4\" data-element_type=\"widget\" data-widget_type=\"heading.default\">\n\t\t\t\t<div class=\"elementor-widget-container\">\n\t\t\t<style>\/*! elementor - v3.23.0 - 05-08-2024 *\/\n.elementor-heading-title{padding:0;margin:0;line-height:1}.elementor-widget-heading .elementor-heading-title[class*=elementor-size-]>a{color:inherit;font-size:inherit;line-height:inherit}.elementor-widget-heading .elementor-heading-title.elementor-size-small{font-size:15px}.elementor-widget-heading .elementor-heading-title.elementor-size-medium{font-size:19px}.elementor-widget-heading .elementor-heading-title.elementor-size-large{font-size:29px}.elementor-widget-heading .elementor-heading-title.elementor-size-xl{font-size:39px}.elementor-widget-heading .elementor-heading-title.elementor-size-xxl{font-size:59px}<\/style><h2 class=\"elementor-heading-title elementor-size-default\">Karola Kreutz<\/h2>\t\t<\/div>\n\t\t\t\t<\/div>\n\t\t\t\t<div class=\"elementor-element elementor-element-0b61295 elementor-widget elementor-widget-text-editor\" data-id=\"0b61295\" data-element_type=\"widget\" data-widget_type=\"text-editor.default\">\n\t\t\t\t<div class=\"elementor-widget-container\">\n\t\t\t<style>\/*! elementor - v3.23.0 - 05-08-2024 *\/\n.elementor-widget-text-editor.elementor-drop-cap-view-stacked .elementor-drop-cap{background-color:#69727d;color:#fff}.elementor-widget-text-editor.elementor-drop-cap-view-framed .elementor-drop-cap{color:#69727d;border:3px solid;background-color:transparent}.elementor-widget-text-editor:not(.elementor-drop-cap-view-default) .elementor-drop-cap{margin-top:8px}.elementor-widget-text-editor:not(.elementor-drop-cap-view-default) .elementor-drop-cap-letter{width:1em;height:1em}.elementor-widget-text-editor .elementor-drop-cap{float:left;text-align:center;line-height:1;font-size:50px}.elementor-widget-text-editor .elementor-drop-cap-letter{display:inline-block}<\/style>\t\t\t\t<p>\u00fcber mich:<br>1963 Geboren<br><span style=\"font-size: 14px; color: var( --e-global-color-text );\">verheiratet, 4 Kinder<br><\/span><span style=\"font-size: 14px; color: var( --e-global-color-text );\">in Bad Krozingen aufgewachsen<br><\/span>Seit 1999 beim UHZ\/UKF Freiburg-Bad Krozingen (fr\u00fcher Herz-Zentrum Bad Krozingen) zun\u00e4chst als Stationssekret\u00e4rin besch\u00e4ftigt, heute als Personalsachbearbeiterin f\u00fcr die Abteilung Personalbetreuung.&nbsp; &nbsp;W\u00e4hrenddessen insgesamt 15 Jahre lang als freigestellte Betriebsr\u00e4tin mit der Zusatzausbildung innerbetriebliche Konfliktberaterin und Mediatorin.<br><\/p>\t\t\t\t\t\t<\/div>\n\t\t\t\t<\/div>\n\t\t\t\t\t<\/div>\n\t\t<\/div>\n\t\t\t\t\t<\/div>\n\t\t<\/section>\n\t\t\t\t<section class=\"elementor-section elementor-top-section elementor-element elementor-element-0ef68b7 elementor-section-boxed elementor-section-height-default elementor-section-height-default\" data-id=\"0ef68b7\" data-element_type=\"section\">\n\t\t\t\t\t\t<div class=\"elementor-container elementor-column-gap-default\">\n\t\t\t\t\t<div class=\"elementor-column elementor-col-100 elementor-top-column elementor-element elementor-element-8a98f85\" data-id=\"8a98f85\" data-element_type=\"column\">\n\t\t\t<div class=\"elementor-widget-wrap elementor-element-populated\">\n\t\t\t\t\t\t<div class=\"elementor-element elementor-element-e6870b5 elementor-widget elementor-widget-text-editor\" data-id=\"e6870b5\" data-element_type=\"widget\" data-widget_type=\"text-editor.default\">\n\t\t\t\t<div class=\"elementor-widget-container\">\n\t\t\t\t\t\t\t<p>Stellvertretende Fraktionsvorsitzende Krozinger B\u00fcrgerforum (KBF)<br \/>Zunftv\u00f6gtin der Bad Krozinger Quellen-Narren<br \/>Im Vorstand der Krozinger Zunftgemeinschaft<br \/>Mitglied der Chorgemeinschaft 1859 Bad Krozingen<br \/>15 Jahre aktiv f\u00fcr die kirchliche Jugendarbeit im Ferienlager<br \/><br \/>Bereits als Jugendliche in der kirchlichen Jugendarbeit und sp\u00e4ter als Mutter lag mir schon immer die Kinder- Jugend- und Familienarbeit besonders am Herzen. Bereits im Kindergarten und danach in der Schulzeit habe ich mich als Elternvertreterin eingesetzt. Menschen zusammen f\u00fchren unterschiedlichen Alters sehe ich als Basis unserer Gesellschaft.<br \/>Die Attraktivit\u00e4t von Bad Krozingen gerade im Bezug auf Familienfreundlichkeit und Vereinbarkeit von Beruf und Familie zu erhalten und noch mehr zu verbessern ist f\u00fcr mich die Grundlage f\u00fcr eine erfolgreiche Stadtentwicklung. Hierzu geh\u00f6ren bezahlbarer Wohnraum f\u00fcr Jung bis Alt, gen\u00fcgend Kinder- und Betreuungspl\u00e4tze, ein vern\u00fcnftiges Verkehrskonzept, besondere Wertsch\u00e4tzung des ehrenamtlichen Engagements und soziale Verantwortung f\u00fcreinander und f\u00fcr unsere gemeinsame Zukunft!<\/p>\t\t\t\t\t\t<\/div>\n\t\t\t\t<\/div>\n\t\t\t\t\t<\/div>\n\t\t<\/div>\n\t\t\t\t\t<\/div>\n\t\t<\/section>\n\t\t\t\t<\/div>\n\t\t","protected":false},"excerpt":{"rendered":"<p>Karola Kreutz \u00fcber mich:1963 Geborenverheiratet, 4 Kinderin Bad Krozingen aufgewachsenSeit 1999 beim UHZ\/UKF Freiburg-Bad Krozingen (fr\u00fcher Herz-Zentrum Bad Krozingen) zun\u00e4chst als Stationssekret\u00e4rin besch\u00e4ftigt, heute als Personalsachbearbeiterin f\u00fcr die Abteilung Personalbetreuung.&nbsp; &nbsp;W\u00e4hrenddessen insgesamt 15 Jahre lang als freigestellte Betriebsr\u00e4tin mit der Zusatzausbildung innerbetriebliche Konfliktberaterin und Mediatorin. Stellvertretende Fraktionsvorsitzende Krozinger B\u00fcrgerforum (KBF)Zunftv\u00f6gtin der Bad Krozinger Quellen-NarrenIm Vorstand [&hellip;]<\/p>\n","protected":false},"author":1,"featured_media":0,"parent":0,"menu_order":0,"comment_status":"closed","ping_status":"closed","template":"","meta":{"ocean_post_layout":"full-screen","ocean_both_sidebars_style":"","ocean_both_sidebars_content_width":0,"ocean_both_sidebars_sidebars_width":0,"ocean_sidebar":"0","ocean_second_sidebar":"0","ocean_disable_margins":"enable","ocean_add_body_class":"","ocean_shortcode_before_top_bar":"","ocean_shortcode_after_top_bar":"","ocean_shortcode_before_header":"","ocean_shortcode_after_header":"","ocean_has_shortcode":"","ocean_shortcode_after_title":"","ocean_shortcode_before_footer_widgets":"","ocean_shortcode_after_footer_widgets":"","ocean_shortcode_before_footer_bottom":"","ocean_shortcode_after_footer_bottom":"","ocean_display_top_bar":"default","ocean_display_header":"default","ocean_header_style":"","ocean_center_header_left_menu":"0","ocean_custom_header_template":"0","ocean_custom_logo":0,"ocean_custom_retina_logo":0,"ocean_custom_logo_max_width":0,"ocean_custom_logo_tablet_max_width":0,"ocean_custom_logo_mobile_max_width":0,"ocean_custom_logo_max_height":0,"ocean_custom_logo_tablet_max_height":0,"ocean_custom_logo_mobile_max_height":0,"ocean_header_custom_menu":"0","ocean_menu_typo_font_family":"0","ocean_menu_typo_font_subset":"","ocean_menu_typo_font_size":0,"ocean_menu_typo_font_size_tablet":0,"ocean_menu_typo_font_size_mobile":0,"ocean_menu_typo_font_size_unit":"px","ocean_menu_typo_font_weight":"","ocean_menu_typo_font_weight_tablet":"","ocean_menu_typo_font_weight_mobile":"","ocean_menu_typo_transform":"","ocean_menu_typo_transform_tablet":"","ocean_menu_typo_transform_mobile":"","ocean_menu_typo_line_height":0,"ocean_menu_typo_line_height_tablet":0,"ocean_menu_typo_line_height_mobile":0,"ocean_menu_typo_line_height_unit":"","ocean_menu_typo_spacing":0,"ocean_menu_typo_spacing_tablet":0,"ocean_menu_typo_spacing_mobile":0,"ocean_menu_typo_spacing_unit":"","ocean_menu_link_color":"","ocean_menu_link_color_hover":"","ocean_menu_link_color_active":"","ocean_menu_link_background":"","ocean_menu_link_hover_background":"","ocean_menu_link_active_background":"","ocean_menu_social_links_bg":"","ocean_menu_social_hover_links_bg":"","ocean_menu_social_links_color":"","ocean_menu_social_hover_links_color":"","ocean_disable_title":"on","ocean_disable_heading":"on","ocean_post_title":"","ocean_post_subheading":"","ocean_post_title_style":"","ocean_post_title_background_color":"","ocean_post_title_background":0,"ocean_post_title_bg_image_position":"","ocean_post_title_bg_image_attachment":"","ocean_post_title_bg_image_repeat":"","ocean_post_title_bg_image_size":"","ocean_post_title_height":0,"ocean_post_title_bg_overlay":0.5,"ocean_post_title_bg_overlay_color":"","ocean_disable_breadcrumbs":"off","ocean_breadcrumbs_color":"","ocean_breadcrumbs_separator_color":"","ocean_breadcrumbs_links_color":"","ocean_breadcrumbs_links_hover_color":"","ocean_display_footer_widgets":"default","ocean_display_footer_bottom":"default","ocean_custom_footer_template":"0"},"yoast_head":"<!-- This site is optimized with the Yoast SEO plugin v21.1 - https:\/\/yoast.com\/wordpress\/plugins\/seo\/ -->\n<title>Karola Kreutz - Bad Krozinger B\u00fcrgerforum e.V.<\/title>\n<meta name=\"robots\" content=\"index, follow, max-snippet:-1, max-image-preview:large, max-video-preview:-1\" \/>\n<link rel=\"canonical\" href=\"https:\/\/www.badkrozinger-buergerforum.de\/index.php\/karola-kreutz-2\/\" \/>\n<meta property=\"og:locale\" content=\"de_DE\" \/>\n<meta property=\"og:type\" content=\"article\" \/>\n<meta property=\"og:title\" content=\"Karola Kreutz - Bad Krozinger B\u00fcrgerforum e.V.\" \/>\n<meta property=\"og:description\" content=\"Karola Kreutz \u00fcber mich:1963 Geborenverheiratet, 4 Kinderin Bad Krozingen aufgewachsenSeit 1999 beim UHZ\/UKF Freiburg-Bad Krozingen (fr\u00fcher Herz-Zentrum Bad Krozingen) zun\u00e4chst als Stationssekret\u00e4rin besch\u00e4ftigt, heute als Personalsachbearbeiterin f\u00fcr die Abteilung Personalbetreuung.&nbsp; &nbsp;W\u00e4hrenddessen insgesamt 15 Jahre lang als freigestellte Betriebsr\u00e4tin mit der Zusatzausbildung innerbetriebliche Konfliktberaterin und Mediatorin. Stellvertretende Fraktionsvorsitzende Krozinger B\u00fcrgerforum (KBF)Zunftv\u00f6gtin der Bad Krozinger Quellen-NarrenIm Vorstand [&hellip;]\" \/>\n<meta property=\"og:url\" content=\"https:\/\/www.badkrozinger-buergerforum.de\/index.php\/karola-kreutz-2\/\" \/>\n<meta property=\"og:site_name\" content=\"Bad Krozinger B\u00fcrgerforum e.V.\" \/>\n<meta property=\"article:modified_time\" content=\"2021-11-08T17:33:43+00:00\" \/>\n<meta property=\"og:image\" content=\"https:\/\/www.badkrozinger-buergerforum.de\/wp-content\/uploads\/2021\/08\/karola_kreutz-200x300.jpg\" \/>\n<meta name=\"twitter:card\" content=\"summary_large_image\" \/>\n<meta name=\"twitter:label1\" content=\"Gesch\u00e4tzte Lesezeit\" \/>\n\t<meta name=\"twitter:data1\" content=\"2\u00a0Minuten\" \/>\n<script type=\"application\/ld+json\" class=\"yoast-schema-graph\">{\"@context\":\"https:\/\/schema.org\",\"@graph\":[{\"@type\":\"WebPage\",\"@id\":\"https:\/\/www.badkrozinger-buergerforum.de\/index.php\/karola-kreutz-2\/\",\"url\":\"https:\/\/www.badkrozinger-buergerforum.de\/index.php\/karola-kreutz-2\/\",\"name\":\"Karola Kreutz - Bad Krozinger B\u00fcrgerforum e.V.\",\"isPartOf\":{\"@id\":\"https:\/\/www.badkrozinger-buergerforum.de\/#website\"},\"datePublished\":\"2021-09-15T21:42:13+00:00\",\"dateModified\":\"2021-11-08T17:33:43+00:00\",\"breadcrumb\":{\"@id\":\"https:\/\/www.badkrozinger-buergerforum.de\/index.php\/karola-kreutz-2\/#breadcrumb\"},\"inLanguage\":\"de\",\"potentialAction\":[{\"@type\":\"ReadAction\",\"target\":[\"https:\/\/www.badkrozinger-buergerforum.de\/index.php\/karola-kreutz-2\/\"]}]},{\"@type\":\"BreadcrumbList\",\"@id\":\"https:\/\/www.badkrozinger-buergerforum.de\/index.php\/karola-kreutz-2\/#breadcrumb\",\"itemListElement\":[{\"@type\":\"ListItem\",\"position\":1,\"name\":\"Startseite\",\"item\":\"https:\/\/www.badkrozinger-buergerforum.de\/\"},{\"@type\":\"ListItem\",\"position\":2,\"name\":\"Karola Kreutz\"}]},{\"@type\":\"WebSite\",\"@id\":\"https:\/\/www.badkrozinger-buergerforum.de\/#website\",\"url\":\"https:\/\/www.badkrozinger-buergerforum.de\/\",\"name\":\"Bad Krozinger B\u00fcrgerforum e.V.\",\"description\":\"\",\"publisher\":{\"@id\":\"https:\/\/www.badkrozinger-buergerforum.de\/#organization\"},\"potentialAction\":[{\"@type\":\"SearchAction\",\"target\":{\"@type\":\"EntryPoint\",\"urlTemplate\":\"https:\/\/www.badkrozinger-buergerforum.de\/?s={search_term_string}\"},\"query-input\":\"required name=search_term_string\"}],\"inLanguage\":\"de\"},{\"@type\":\"Organization\",\"@id\":\"https:\/\/www.badkrozinger-buergerforum.de\/#organization\",\"name\":\"Bad Krozinger B\u00fcrgerforum e.V.\",\"url\":\"https:\/\/www.badkrozinger-buergerforum.de\/\",\"logo\":{\"@type\":\"ImageObject\",\"inLanguage\":\"de\",\"@id\":\"https:\/\/www.badkrozinger-buergerforum.de\/#\/schema\/logo\/image\/\",\"url\":\"https:\/\/www.badkrozinger-buergerforum.de\/wp-content\/uploads\/2021\/09\/Buergerforum-Bad-Krozingen-1.png\",\"contentUrl\":\"https:\/\/www.badkrozinger-buergerforum.de\/wp-content\/uploads\/2021\/09\/Buergerforum-Bad-Krozingen-1.png\",\"width\":3000,\"height\":1500,\"caption\":\"Bad Krozinger B\u00fcrgerforum e.V.\"},\"image\":{\"@id\":\"https:\/\/www.badkrozinger-buergerforum.de\/#\/schema\/logo\/image\/\"}}]}<\/script>\n<!-- \/ Yoast SEO plugin. -->","yoast_head_json":{"title":"Karola Kreutz - Bad Krozinger B\u00fcrgerforum e.V.","robots":{"index":"index","follow":"follow","max-snippet":"max-snippet:-1","max-image-preview":"max-image-preview:large","max-video-preview":"max-video-preview:-1"},"canonical":"https:\/\/www.badkrozinger-buergerforum.de\/index.php\/karola-kreutz-2\/","og_locale":"de_DE","og_type":"article","og_title":"Karola Kreutz - Bad Krozinger B\u00fcrgerforum e.V.","og_description":"Karola Kreutz \u00fcber mich:1963 Geborenverheiratet, 4 Kinderin Bad Krozingen aufgewachsenSeit 1999 beim UHZ\/UKF Freiburg-Bad Krozingen (fr\u00fcher Herz-Zentrum Bad Krozingen) zun\u00e4chst als Stationssekret\u00e4rin besch\u00e4ftigt, heute als Personalsachbearbeiterin f\u00fcr die Abteilung Personalbetreuung.&nbsp; &nbsp;W\u00e4hrenddessen insgesamt 15 Jahre lang als freigestellte Betriebsr\u00e4tin mit der Zusatzausbildung innerbetriebliche Konfliktberaterin und Mediatorin. Stellvertretende Fraktionsvorsitzende Krozinger B\u00fcrgerforum (KBF)Zunftv\u00f6gtin der Bad Krozinger Quellen-NarrenIm Vorstand [&hellip;]","og_url":"https:\/\/www.badkrozinger-buergerforum.de\/index.php\/karola-kreutz-2\/","og_site_name":"Bad Krozinger B\u00fcrgerforum e.V.","article_modified_time":"2021-11-08T17:33:43+00:00","og_image":[{"url":"https:\/\/www.badkrozinger-buergerforum.de\/wp-content\/uploads\/2021\/08\/karola_kreutz-200x300.jpg"}],"twitter_card":"summary_large_image","twitter_misc":{"Gesch\u00e4tzte Lesezeit":"2\u00a0Minuten"},"schema":{"@context":"https:\/\/schema.org","@graph":[{"@type":"WebPage","@id":"https:\/\/www.badkrozinger-buergerforum.de\/index.php\/karola-kreutz-2\/","url":"https:\/\/www.badkrozinger-buergerforum.de\/index.php\/karola-kreutz-2\/","name":"Karola Kreutz - Bad Krozinger B\u00fcrgerforum e.V.","isPartOf":{"@id":"https:\/\/www.badkrozinger-buergerforum.de\/#website"},"datePublished":"2021-09-15T21:42:13+00:00","dateModified":"2021-11-08T17:33:43+00:00","breadcrumb":{"@id":"https:\/\/www.badkrozinger-buergerforum.de\/index.php\/karola-kreutz-2\/#breadcrumb"},"inLanguage":"de","potentialAction":[{"@type":"ReadAction","target":["https:\/\/www.badkrozinger-buergerforum.de\/index.php\/karola-kreutz-2\/"]}]},{"@type":"BreadcrumbList","@id":"https:\/\/www.badkrozinger-buergerforum.de\/index.php\/karola-kreutz-2\/#breadcrumb","itemListElement":[{"@type":"ListItem","position":1,"name":"Startseite","item":"https:\/\/www.badkrozinger-buergerforum.de\/"},{"@type":"ListItem","position":2,"name":"Karola Kreutz"}]},{"@type":"WebSite","@id":"https:\/\/www.badkrozinger-buergerforum.de\/#website","url":"https:\/\/www.badkrozinger-buergerforum.de\/","name":"Bad Krozinger B\u00fcrgerforum e.V.","description":"","publisher":{"@id":"https:\/\/www.badkrozinger-buergerforum.de\/#organization"},"potentialAction":[{"@type":"SearchAction","target":{"@type":"EntryPoint","urlTemplate":"https:\/\/www.badkrozinger-buergerforum.de\/?s={search_term_string}"},"query-input":"required name=search_term_string"}],"inLanguage":"de"},{"@type":"Organization","@id":"https:\/\/www.badkrozinger-buergerforum.de\/#organization","name":"Bad Krozinger B\u00fcrgerforum e.V.","url":"https:\/\/www.badkrozinger-buergerforum.de\/","logo":{"@type":"ImageObject","inLanguage":"de","@id":"https:\/\/www.badkrozinger-buergerforum.de\/#\/schema\/logo\/image\/","url":"https:\/\/www.badkrozinger-buergerforum.de\/wp-content\/uploads\/2021\/09\/Buergerforum-Bad-Krozingen-1.png","contentUrl":"https:\/\/www.badkrozinger-buergerforum.de\/wp-content\/uploads\/2021\/09\/Buergerforum-Bad-Krozingen-1.png","width":3000,"height":1500,"caption":"Bad Krozinger B\u00fcrgerforum e.V."},"image":{"@id":"https:\/\/www.badkrozinger-buergerforum.de\/#\/schema\/logo\/image\/"}}]}},"_links":{"self":[{"href":"https:\/\/www.badkrozinger-buergerforum.de\/index.php\/wp-json\/wp\/v2\/pages\/176"}],"collection":[{"href":"https:\/\/www.badkrozinger-buergerforum.de\/index.php\/wp-json\/wp\/v2\/pages"}],"about":[{"href":"https:\/\/www.badkrozinger-buergerforum.de\/index.php\/wp-json\/wp\/v2\/types\/page"}],"author":[{"embeddable":true,"href":"https:\/\/www.badkrozinger-buergerforum.de\/index.php\/wp-json\/wp\/v2\/users\/1"}],"replies":[{"embeddable":true,"href":"https:\/\/www.badkrozinger-buergerforum.de\/index.php\/wp-json\/wp\/v2\/comments?post=176"}],"version-history":[{"count":19,"href":"https:\/\/www.badkrozinger-buergerforum.de\/index.php\/wp-json\/wp\/v2\/pages\/176\/revisions"}],"predecessor-version":[{"id":549,"href":"https:\/\/www.badkrozinger-buergerforum.de\/index.php\/wp-json\/wp\/v2\/pages\/176\/revisions\/549"}],"wp:attachment":[{"href":"https:\/\/www.badkrozinger-buergerforum.de\/index.php\/wp-json\/wp\/v2\/media?parent=176"}],"curies":[{"name":"wp","href":"https:\/\/api.w.org\/{rel}","templated":true}]}}