{"id":216,"date":"2021-09-16T21:29:56","date_gmt":"2021-09-16T21:29:56","guid":{"rendered":"https:\/\/kbf.benjaminkuerten.de\/?page_id=216"},"modified":"2021-09-16T21:30:24","modified_gmt":"2021-09-16T21:30:24","slug":"position-2","status":"publish","type":"page","link":"https:\/\/www.badkrozinger-buergerforum.de\/index.php\/position-2\/","title":{"rendered":"Position"},"content":{"rendered":"\t\t<div data-elementor-type=\"wp-page\" data-elementor-id=\"216\" class=\"elementor elementor-216\">\n\t\t\t\t\t\t<section class=\"elementor-section elementor-top-section elementor-element elementor-element-2e4e7a8 elementor-section-boxed elementor-section-height-default elementor-section-height-default\" data-id=\"2e4e7a8\" data-element_type=\"section\">\n\t\t\t\t\t\t<div class=\"elementor-container elementor-column-gap-default\">\n\t\t\t\t\t<div class=\"elementor-column elementor-col-100 elementor-top-column elementor-element elementor-element-b742f1a\" data-id=\"b742f1a\" data-element_type=\"column\">\n\t\t\t<div class=\"elementor-widget-wrap elementor-element-populated\">\n\t\t\t\t\t\t<div class=\"elementor-element elementor-element-876f3e3 elementor-widget elementor-widget-heading\" data-id=\"876f3e3\" data-element_type=\"widget\" data-widget_type=\"heading.default\">\n\t\t\t\t<div class=\"elementor-widget-container\">\n\t\t\t<style>\/*! elementor - v3.23.0 - 05-08-2024 *\/\n.elementor-heading-title{padding:0;margin:0;line-height:1}.elementor-widget-heading .elementor-heading-title[class*=elementor-size-]>a{color:inherit;font-size:inherit;line-height:inherit}.elementor-widget-heading .elementor-heading-title.elementor-size-small{font-size:15px}.elementor-widget-heading .elementor-heading-title.elementor-size-medium{font-size:19px}.elementor-widget-heading .elementor-heading-title.elementor-size-large{font-size:29px}.elementor-widget-heading .elementor-heading-title.elementor-size-xl{font-size:39px}.elementor-widget-heading .elementor-heading-title.elementor-size-xxl{font-size:59px}<\/style><h2 class=\"elementor-heading-title elementor-size-default\">Komplettfassung<\/h2>\t\t<\/div>\n\t\t\t\t<\/div>\n\t\t\t\t<div class=\"elementor-element elementor-element-6c76e98 elementor-widget elementor-widget-text-editor\" data-id=\"6c76e98\" data-element_type=\"widget\" data-widget_type=\"text-editor.default\">\n\t\t\t\t<div class=\"elementor-widget-container\">\n\t\t\t<style>\/*! elementor - v3.23.0 - 05-08-2024 *\/\n.elementor-widget-text-editor.elementor-drop-cap-view-stacked .elementor-drop-cap{background-color:#69727d;color:#fff}.elementor-widget-text-editor.elementor-drop-cap-view-framed .elementor-drop-cap{color:#69727d;border:3px solid;background-color:transparent}.elementor-widget-text-editor:not(.elementor-drop-cap-view-default) .elementor-drop-cap{margin-top:8px}.elementor-widget-text-editor:not(.elementor-drop-cap-view-default) .elementor-drop-cap-letter{width:1em;height:1em}.elementor-widget-text-editor .elementor-drop-cap{float:left;text-align:center;line-height:1;font-size:50px}.elementor-widget-text-editor .elementor-drop-cap-letter{display:inline-block}<\/style>\t\t\t\t<p>Bad Krozinger B\u00fcrgerforum e V. <strong>Positions-Papier 2019<\/strong><\/p><p>Aufgaben und Zielsetzung:<\/p><p>Das Bad Krozinger B\u00fcrgerforum e.V. (KBF) wurde am 17.10.1993 als unabh\u00e4ngiger, b\u00fcrgernaher und gemeinn\u00fctziger Verein gegr\u00fcndet, in welchem sich B\u00fcrgerinnen und B\u00fcrger zusammenschlossen, um an einer m\u00f6glichst b\u00fcrgernahen, umweltorientierten und nachhaltigen Mitgestaltung des Gemeinwesens in unserer Stadt teilzuhaben.<\/p><p>Seit 25 Jahren ist das KBF im Gemeinderat vertreten und wirkt tatkr\u00e4ftig an der Gestaltung der Stadt Bad Krozingen mit.<\/p><p><strong>Das KBF steht f\u00fcr die Interessen der B\u00fcrgerschaft und sieht seinen Hauptzweck darin,<\/strong><\/p><ul><li>an den Kommunalwahlen teilzunehmen, um als unabh\u00e4ngige <strong>Fraktion KBF <\/strong>die Interessen der B\u00fcrgerinnen und B\u00fcrger direkt in den Beschlussgremien vertreten zu k\u00f6nnen<\/li><li>unabh\u00e4ngig, zeitnah und umfassend \u00fcber kommunalpolitische Entscheidungsprozesse der Stadt zu informieren<\/li><li>das b\u00fcrgerschaftliche Engagement in B\u00fcrgerwerkst\u00e4tten, Agenden u.\u00c4. zu f\u00f6rdern, und die dort vorgebrachten Anregungen und W\u00fcnsche aufzugreifen.<\/li><\/ul><p><strong>Vereinsf\u00fchrung:<\/strong><\/p><p>Der Verein wird von einem von der Mitgliederversammlung gew\u00e4hlten Vorstand vertreten. Der Vorstand besteht aus:<\/p><ul><li><strong><em>1 Vorsitzendem\/r<\/em><\/strong><\/li><li><strong><em>2 Stellvertretern\/innen<\/em><\/strong><\/li><li><strong><em>1 Schatzmeister\/in<\/em><\/strong><\/li><li><strong><em>1 Schriftf\u00fchrer\/in<\/em><\/strong><\/li><li><strong><em>1 Pressewart\/in<\/em><\/strong><\/li><\/ul><p>Zur Beratung sind dem Vorstand beigestellt<\/p><ul><li><strong>5 Beisitzer<\/strong><\/li><\/ul><p>Die Aufgaben des Vorstandes bestehen neben der Vereinsf\u00fchrung insbesondere in der Umsetzung der Vereinsziele und der Unterst\u00fctzung der Stadtratsmitglieder des KBF.<\/p><p><strong>Themen-Schwerpunkte des KBF:<\/strong><\/p><ol><li><strong>Stadtentwicklung und Verkehr<\/strong><\/li><li><strong>F\u00f6rderung Bad Krozingens als Kur- und Gesundheitsstadt und St\u00e4rkung als Wirtschaftsstandort<\/strong><\/li><li><strong>Umwelt, \u00d6kologie und Klimaschutz<\/strong><\/li><li><strong>Bildung, \u00d6ffentliches Leben, Kultur, Information und Berichterstattung<\/strong><\/li><\/ol><h1>1.\u00a0\u00a0 Stadtentwicklung und Verkehr<\/h1><h2>1.1\u00a0 Stadtentwicklung<\/h2><p>Das KBF setzt sich f\u00fcr ein differenziertes Bau- und Gestaltungskonzept ein, das f\u00fcr das gesamte Stadtgebiet inkl. der Teilorte gilt. Die Erstellung von Erhaltungs- und Gestaltungssatzungen mit vorgegebenen Regeln und festgelegten Vorgehensweisen ist f\u00fcr die Stadt Bad Krozingen &#8211; zumindest in Bereichen &#8211; sicher sinnvoll.<\/p><p>Insbesondere f\u00fcr historisch gewachsene Strukturen, wie sie z.B. in Oberkrozingen und in den Teilorten Biengen \u2013 Hausen \u2013 Schlatt \u2013 Tunsel und Schmidhofen vorhanden sind, wollen wir uns bewahrend einsetzen.<\/p><p>Dem Wachstum der vergangenen Jahre Rechnung tragend, mu\u00df die vorhandene Infrastruktur ausgebaut und weiter verbessert werden. Wir sprechen uns f\u00fcr eine moderate, ma\u00dfvolle und ausgewogene Bauentwicklung in Bezug auf Umfang und Zeitverlauf aus.<\/p><h2>1.2\u00a0 Verkehr &amp; \u00d6PNV<\/h2><p>Bad Krozingen braucht ein stimmiges Gesamtverkehrskonzept.<\/p><p>Dort, wo die B\u00fcrger Bad Krozingens durch den Verkehr im \u00dcberma\u00df betroffen sind, wollen wir uns regulierend f\u00fcr Entlastungen einsetzen.<\/p><p>Ein fl\u00e4chendeckendes Fu\u00dfg\u00e4nger- und Radfahrwege-Netz ist f\u00fcr uns zwingend notwendig \u2013 ein Muss! Wichtig ist eine gute Anbindung der Teilorte mit sicheren, gut ausgebauten Radwegen.<\/p><p>Das KBF verfolgt seit seiner Gr\u00fcndung die Einrichtung einer Fu\u00dfg\u00e4ngerzone in der Bahnhofsstra\u00dfe. Deren Erhalt und Attraktivierung sowie die Ausweitung der Fussg\u00e4ngerzone bis zum Lammplatz und dar\u00fcber hinaus sind und bleiben wichtige Anliegen des KBF.<\/p><p>Im Hinblick auf die Lenkung der Verkehrsstr\u00f6me und insbesondere in Hinblick auf eine \u00e4lter werdende Gesellschaft kommt dem \u00d6PNV eine besondere Bedeutung zu. Den innerst\u00e4dtischen, \u00f6ffentlichen Nahverkehr mit Hilfe des B\u00fcrgerbus-Vereins unterst\u00fctzen wir voll und ganz.<\/p><p>Wir sehen aber auch, dass mit dem Wachstum Bad Krozingens mittel- bzw. l\u00e4ngerfristig zus\u00e4tzlich neue Ideen gebraucht werden. Hier k\u00f6nnten z.B. mit Hilfe von umweltfreundlichen Transportmitteln kreative L\u00f6sungen gefunden werden. Wir stehen neuen Ideen offen und positiv gegen\u00fcber und unterst\u00fctzen diese.<\/p><p>Zur Verkehrsentlastung im Kernort sind ausreichende Parkm\u00f6glichkeiten mittels Parkpl\u00e4tzen bzw.<\/p><p>Parkh\u00e4usern am Stadtrand mit akzeptablem Entfernungsradius zum Stadtkern dringend erforderlich.<\/p><p>Wir setzen uns auch f\u00fcr eine kontinuierlich verbesserte und intensivere Anbindung der Ortsteile an die Kernstadt ein. Neue und kreative Ans\u00e4tze werden hierf\u00fcr in Betracht gezogen. (Mitnahme-<\/p><p>Zentrum, Mitfahr-App)<\/p><h1>2.\u00a0\u00a0 F\u00f6rderung Bad Krozingens als Kur- und Gesundheitsstadt<\/h1><h2>2.1\u00a0 Gesundheitsstandort Bad Krozingen<\/h2><p>Wir stehen hinter der Marke \u201eGesundheitsstandort Bad Krozingen\u201c inklusive der Aus- und<\/p><p>Weiterbildungsm\u00f6glichkeiten an der Berufsschule f\u00fcr Pflege und Gesundheit. Die Interessen von Kurverwaltung und Kliniken sowie der Besch\u00e4ftigten im Gesundheitsbereich haben f\u00fcr uns gro\u00dfe Bedeutung.<\/p><p>Die Erhaltung des Kurparks, sowie die Bildung und Pflege weiterer Gr\u00fcnzonen auch entlang des Neumagens sind f\u00fcr uns in einer Kurstadt eine absolute Notwendigkeit. Neue Ideen und Ans\u00e4tze, wie z.B. generations\u00fcbergreifenden Bewegungsaktivit\u00e4ten sind f\u00fcr uns zukunftsorientierte Themen.<\/p><h2>2.2\u00a0 Gewerbestandort Bad Krozingen<\/h2><p>Wir unterst\u00fctzen die Entwicklung ortsans\u00e4ssiger Betriebe, Unternehmensneugr\u00fcndungen und die Ansiedlung externer Unternehmen. Besonders am Herzen liegen uns hier kleinere und mittelst\u00e4ndische, innovative Unternehmen, die bevorzugt im Bereich unserer Themenschwerpunkte aktiv und t\u00e4tig sind. (Gesundheit, Umwelt, \u00d6kologie).<\/p><p>Das KBF setzt sich daf\u00fcr ein, dass die Infrastrukturen von Strom, Gas, Wasser und Kommunikation in kommunaler Hand bleiben.<\/p><h1>3.\u00a0\u00a0 Umwelt, \u00d6kologie und Klimaschutz<\/h1><h2>3.1\u00a0 Umwelt und \u00d6kologie<\/h2><p>Das KBF setzt sich seit seinem Bestehen f\u00fcr eine nachhaltige und \u00f6kologische Stadtentwicklung ein und dokumentiert dies durch das Engagement\/Einsatz in\/an den verschiedensten Veranstaltungen, Exkursionen, Vortr\u00e4gen, die es auch in der \u00d6ffentlichkeit vertritt und in den Pressemedien dokumentiert.<\/p><p>Das KBF steht f\u00fcr:<\/p><ul><li>Gr\u00fcnzonen und kleine Naherholungsgebiete als Ausgleich zur innerst\u00e4dtischen Verdichtung<\/li><li>die Einrichtung eines Recyclinghofes in Stadtn\u00e4he<\/li><li>einen ausreichenden Hochwasserschutz f\u00fcr das gesamte Stadtgebiet<\/li><li>Erhalt und Ausbau des Grabensystems und der \u00f6kologischen Vielfalt.<\/li><li>intelligente, innovative und nachhaltige regenerative Energiekonzepte.<\/li><li>Erhalt von Acker- und Weinbaufl\u00e4chen.<\/li><li>Erhalt von naturbelassenen Zwischenr\u00e4umen wie Gr\u00fcnzonen und Heckenstreifen.<\/li><\/ul><h2>3.2\u00a0 Klimaschutz und Konsequenzen f\u00fcr die Stadtplanung<\/h2><ul><li>In Zeiten des Klimawandels ist f\u00fcr das KBF die Anpassung der Stadt und des Umlands an zu erwartende steigende Temperaturen von gr\u00f6\u00dfter Bedeutung. Diese \u00dcberlegungen werden bisher in viel zu geringem Ma\u00dfe bei der Stadtplanung ber\u00fccksichtigt. Deshalb begr\u00fc\u00dfen wir den neu geschaffenen Aufgabenbereich Klima und die Besetzung mit einem Klima-Manager. Wir setzen uns f\u00fcr klimag\u00fcnstige Bepflanzung und weitere damit zusammenh\u00e4ngende Konzepte in der Stadtplanung ein.<\/li><\/ul><h1>4.\u00a0\u00a0\u00a0 Bildung, \u00d6ffentliches Leben, Kultur und Berichterstattung<\/h1><h2>4.1\u00a0 Bildung<\/h2><p>Die Aus- und Weiterbildung sieht das KBF als ein, wenn nicht das wesentliche Standbein unserer Gesellschaft an, die vorrangig unterst\u00fctzt und gef\u00f6rdert werden muss.<\/p><p>Das KBF steht f\u00fcr:<\/p><ul><li>ein dezentrales und bedarfsorientiertes durchgehendes Kita- und Schulkonzept<\/li><li>konsequenten Ausbau des Ganztags-Betreuungsangebotes<\/li><li>ein breites Angebot an weiterf\u00fchrende Schulen: Werkreal-, Real-, und Berufsschulen<\/li><li>Alternativangebote und Volkshochschule<\/li><\/ul><p>Das KBF unterst\u00fctzt besonders die diversen Berufsschulkonzepte im Bereich des Kranken- und Pflegewesens.<\/p><h2>4.2\u00a0 \u00d6ffentliches Leben, Kultur<\/h2><p>Das KBF steht f\u00fcr eine lebendige und vielf\u00e4ltige gesellschaftliche Gemeinschaft, die auf die individuellen Bed\u00fcrfnisse der B\u00fcrger R\u00fccksicht nimmt und entsprechende Angebote des Zusammenlebens mit- und untereinander anbietet. Reger Austausch unter der B\u00fcrgerschaft wird angestrebt. Hierzu z\u00e4hlen unter anderem<\/p><ul><li>Vereinsf\u00f6rderung z.B. durch ein Vereins \u2013 und B\u00fcrgerhaus<\/li><li>Ausbau des Jugend- und Seniorenprogramms<\/li><li>Schaffung generations\u00fcbergreifender Begegnungsr\u00e4ume<\/li><li>Weiterentwicklung \u201eEhrenamtliches soziales Engagement\u201c<\/li><li>Etablierung eines Stadtfestes<\/li><li>Sicherheit und Ordnung im \u00f6ffentlichen Raum<\/li><li>Integration und Inklusion<\/li><\/ul><h2>4.3\u00a0 Berichterstattung<\/h2><p>Das KBF wird regelm\u00e4\u00dfig Stellungnahmen zu aktuellen Themen und Entwicklungen der Stadtpolitik ver\u00f6ffentlichen, um den B\u00fcrgern eine Meinungsbildung zu unseren Positionen zu erm\u00f6glichen. Das KBF h\u00e4lt alle Sitzungen \u00f6ffentlich ab. Die Veranstaltungstermine werden im Gemeindeanzeiger bekannt gegeben; jeder interessierte B\u00fcrger ist herzlich eingeladen, daran teilzunehmen und sich einzubringen.<\/p><p>Fazit:<\/p><p>Gegen Ph\u00e4nomene wie Politikverdrossenheit und Desinteresse setzen wir auf Mut und Neugier zur Verbesserung und Optimierung derzeitiger Zust\u00e4nde und kreative neue Ideen, die wir zielorientiert miteinander im Team erarbeiten wollen (KBF \u2013 Konstruktiv \u2013 B\u00fcrgernah \u2013 Fortschrittlich). Gerade weil das KBF auf Landes- und Bundesebene nicht vertreten ist, sehen wir uns prim\u00e4r kommunalen Belangen und Interessen verpflichtet. Wir setzen uns daf\u00fcr ein, dass diese m\u00f6glichst transparent dem B\u00fcrger vermittelt werden. Daf\u00fcr ist unabdingbar, dass Gespr\u00e4che und Debatten h\u00f6chstens in Ausnahmef\u00e4llen nicht\u00f6ffentlich, im Allgemeinen aber f\u00fcr alle transparent gef\u00fchrt werden. Dies streben wir sowohl f\u00fcr die Kommunikation innerhalb des KBFs als auch f\u00fcr die Kommunikation innerhalb des Stadtrates und mit der Verwaltung an.<\/p><p>27.02.19 \u2013 14:00 VS\/Fraktion<\/p><p>05.03.19\/Pe <strong>1.<\/strong><\/p>\t\t\t\t\t\t<\/div>\n\t\t\t\t<\/div>\n\t\t\t\t\t<\/div>\n\t\t<\/div>\n\t\t\t\t\t<\/div>\n\t\t<\/section>\n\t\t\t\t<\/div>\n\t\t","protected":false},"excerpt":{"rendered":"<p>Komplettfassung Bad Krozinger B\u00fcrgerforum e V. Positions-Papier 2019 Aufgaben und Zielsetzung: Das Bad Krozinger B\u00fcrgerforum e.V. (KBF) wurde am 17.10.1993 als unabh\u00e4ngiger, b\u00fcrgernaher und gemeinn\u00fctziger Verein gegr\u00fcndet, in welchem sich B\u00fcrgerinnen und B\u00fcrger zusammenschlossen, um an einer m\u00f6glichst b\u00fcrgernahen, umweltorientierten und nachhaltigen Mitgestaltung des Gemeinwesens in unserer Stadt teilzuhaben. Seit 25 Jahren ist das KBF [&hellip;]<\/p>\n","protected":false},"author":1,"featured_media":0,"parent":0,"menu_order":0,"comment_status":"closed","ping_status":"closed","template":"","meta":{"ocean_post_layout":"full-screen","ocean_both_sidebars_style":"","ocean_both_sidebars_content_width":0,"ocean_both_sidebars_sidebars_width":0,"ocean_sidebar":"0","ocean_second_sidebar":"0","ocean_disable_margins":"enable","ocean_add_body_class":"","ocean_shortcode_before_top_bar":"","ocean_shortcode_after_top_bar":"","ocean_shortcode_before_header":"","ocean_shortcode_after_header":"","ocean_has_shortcode":"","ocean_shortcode_after_title":"","ocean_shortcode_before_footer_widgets":"","ocean_shortcode_after_footer_widgets":"","ocean_shortcode_before_footer_bottom":"","ocean_shortcode_after_footer_bottom":"","ocean_display_top_bar":"off","ocean_display_header":"default","ocean_header_style":"","ocean_center_header_left_menu":"0","ocean_custom_header_template":"0","ocean_custom_logo":0,"ocean_custom_retina_logo":0,"ocean_custom_logo_max_width":0,"ocean_custom_logo_tablet_max_width":0,"ocean_custom_logo_mobile_max_width":0,"ocean_custom_logo_max_height":0,"ocean_custom_logo_tablet_max_height":0,"ocean_custom_logo_mobile_max_height":0,"ocean_header_custom_menu":"0","ocean_menu_typo_font_family":"0","ocean_menu_typo_font_subset":"","ocean_menu_typo_font_size":0,"ocean_menu_typo_font_size_tablet":0,"ocean_menu_typo_font_size_mobile":0,"ocean_menu_typo_font_size_unit":"px","ocean_menu_typo_font_weight":"","ocean_menu_typo_font_weight_tablet":"","ocean_menu_typo_font_weight_mobile":"","ocean_menu_typo_transform":"","ocean_menu_typo_transform_tablet":"","ocean_menu_typo_transform_mobile":"","ocean_menu_typo_line_height":0,"ocean_menu_typo_line_height_tablet":0,"ocean_menu_typo_line_height_mobile":0,"ocean_menu_typo_line_height_unit":"","ocean_menu_typo_spacing":0,"ocean_menu_typo_spacing_tablet":0,"ocean_menu_typo_spacing_mobile":0,"ocean_menu_typo_spacing_unit":"","ocean_menu_link_color":"","ocean_menu_link_color_hover":"","ocean_menu_link_color_active":"","ocean_menu_link_background":"","ocean_menu_link_hover_background":"","ocean_menu_link_active_background":"","ocean_menu_social_links_bg":"","ocean_menu_social_hover_links_bg":"","ocean_menu_social_links_color":"","ocean_menu_social_hover_links_color":"","ocean_disable_title":"on","ocean_disable_heading":"on","ocean_post_title":"","ocean_post_subheading":"","ocean_post_title_style":"","ocean_post_title_background_color":"","ocean_post_title_background":0,"ocean_post_title_bg_image_position":"","ocean_post_title_bg_image_attachment":"","ocean_post_title_bg_image_repeat":"","ocean_post_title_bg_image_size":"","ocean_post_title_height":0,"ocean_post_title_bg_overlay":0.5,"ocean_post_title_bg_overlay_color":"","ocean_disable_breadcrumbs":"off","ocean_breadcrumbs_color":"","ocean_breadcrumbs_separator_color":"","ocean_breadcrumbs_links_color":"","ocean_breadcrumbs_links_hover_color":"","ocean_display_footer_widgets":"default","ocean_display_footer_bottom":"default","ocean_custom_footer_template":"0"},"yoast_head":"<!-- This site is optimized with the Yoast SEO plugin v21.1 - https:\/\/yoast.com\/wordpress\/plugins\/seo\/ -->\n<title>Position - Bad Krozinger B\u00fcrgerforum e.V.<\/title>\n<meta name=\"robots\" content=\"index, follow, max-snippet:-1, max-image-preview:large, max-video-preview:-1\" \/>\n<link rel=\"canonical\" href=\"https:\/\/www.badkrozinger-buergerforum.de\/index.php\/position-2\/\" \/>\n<meta property=\"og:locale\" content=\"de_DE\" \/>\n<meta property=\"og:type\" content=\"article\" \/>\n<meta property=\"og:title\" content=\"Position - Bad Krozinger B\u00fcrgerforum e.V.\" \/>\n<meta property=\"og:description\" content=\"Komplettfassung Bad Krozinger B\u00fcrgerforum e V. Positions-Papier 2019 Aufgaben und Zielsetzung: Das Bad Krozinger B\u00fcrgerforum e.V. (KBF) wurde am 17.10.1993 als unabh\u00e4ngiger, b\u00fcrgernaher und gemeinn\u00fctziger Verein gegr\u00fcndet, in welchem sich B\u00fcrgerinnen und B\u00fcrger zusammenschlossen, um an einer m\u00f6glichst b\u00fcrgernahen, umweltorientierten und nachhaltigen Mitgestaltung des Gemeinwesens in unserer Stadt teilzuhaben. Seit 25 Jahren ist das KBF [&hellip;]\" \/>\n<meta property=\"og:url\" content=\"https:\/\/www.badkrozinger-buergerforum.de\/index.php\/position-2\/\" \/>\n<meta property=\"og:site_name\" content=\"Bad Krozinger B\u00fcrgerforum e.V.\" \/>\n<meta property=\"article:modified_time\" content=\"2021-09-16T21:30:24+00:00\" \/>\n<meta name=\"twitter:card\" content=\"summary_large_image\" \/>\n<meta name=\"twitter:label1\" content=\"Gesch\u00e4tzte Lesezeit\" \/>\n\t<meta name=\"twitter:data1\" content=\"6\u00a0Minuten\" \/>\n<script type=\"application\/ld+json\" class=\"yoast-schema-graph\">{\"@context\":\"https:\/\/schema.org\",\"@graph\":[{\"@type\":\"WebPage\",\"@id\":\"https:\/\/www.badkrozinger-buergerforum.de\/index.php\/position-2\/\",\"url\":\"https:\/\/www.badkrozinger-buergerforum.de\/index.php\/position-2\/\",\"name\":\"Position - Bad Krozinger B\u00fcrgerforum e.V.\",\"isPartOf\":{\"@id\":\"https:\/\/www.badkrozinger-buergerforum.de\/#website\"},\"datePublished\":\"2021-09-16T21:29:56+00:00\",\"dateModified\":\"2021-09-16T21:30:24+00:00\",\"breadcrumb\":{\"@id\":\"https:\/\/www.badkrozinger-buergerforum.de\/index.php\/position-2\/#breadcrumb\"},\"inLanguage\":\"de\",\"potentialAction\":[{\"@type\":\"ReadAction\",\"target\":[\"https:\/\/www.badkrozinger-buergerforum.de\/index.php\/position-2\/\"]}]},{\"@type\":\"BreadcrumbList\",\"@id\":\"https:\/\/www.badkrozinger-buergerforum.de\/index.php\/position-2\/#breadcrumb\",\"itemListElement\":[{\"@type\":\"ListItem\",\"position\":1,\"name\":\"Startseite\",\"item\":\"https:\/\/www.badkrozinger-buergerforum.de\/\"},{\"@type\":\"ListItem\",\"position\":2,\"name\":\"Position\"}]},{\"@type\":\"WebSite\",\"@id\":\"https:\/\/www.badkrozinger-buergerforum.de\/#website\",\"url\":\"https:\/\/www.badkrozinger-buergerforum.de\/\",\"name\":\"Bad Krozinger B\u00fcrgerforum e.V.\",\"description\":\"\",\"publisher\":{\"@id\":\"https:\/\/www.badkrozinger-buergerforum.de\/#organization\"},\"potentialAction\":[{\"@type\":\"SearchAction\",\"target\":{\"@type\":\"EntryPoint\",\"urlTemplate\":\"https:\/\/www.badkrozinger-buergerforum.de\/?s={search_term_string}\"},\"query-input\":\"required name=search_term_string\"}],\"inLanguage\":\"de\"},{\"@type\":\"Organization\",\"@id\":\"https:\/\/www.badkrozinger-buergerforum.de\/#organization\",\"name\":\"Bad Krozinger B\u00fcrgerforum e.V.\",\"url\":\"https:\/\/www.badkrozinger-buergerforum.de\/\",\"logo\":{\"@type\":\"ImageObject\",\"inLanguage\":\"de\",\"@id\":\"https:\/\/www.badkrozinger-buergerforum.de\/#\/schema\/logo\/image\/\",\"url\":\"https:\/\/www.badkrozinger-buergerforum.de\/wp-content\/uploads\/2021\/09\/Buergerforum-Bad-Krozingen-1.png\",\"contentUrl\":\"https:\/\/www.badkrozinger-buergerforum.de\/wp-content\/uploads\/2021\/09\/Buergerforum-Bad-Krozingen-1.png\",\"width\":3000,\"height\":1500,\"caption\":\"Bad Krozinger B\u00fcrgerforum e.V.\"},\"image\":{\"@id\":\"https:\/\/www.badkrozinger-buergerforum.de\/#\/schema\/logo\/image\/\"}}]}<\/script>\n<!-- \/ Yoast SEO plugin. -->","yoast_head_json":{"title":"Position - Bad Krozinger B\u00fcrgerforum e.V.","robots":{"index":"index","follow":"follow","max-snippet":"max-snippet:-1","max-image-preview":"max-image-preview:large","max-video-preview":"max-video-preview:-1"},"canonical":"https:\/\/www.badkrozinger-buergerforum.de\/index.php\/position-2\/","og_locale":"de_DE","og_type":"article","og_title":"Position - Bad Krozinger B\u00fcrgerforum e.V.","og_description":"Komplettfassung Bad Krozinger B\u00fcrgerforum e V. Positions-Papier 2019 Aufgaben und Zielsetzung: Das Bad Krozinger B\u00fcrgerforum e.V. (KBF) wurde am 17.10.1993 als unabh\u00e4ngiger, b\u00fcrgernaher und gemeinn\u00fctziger Verein gegr\u00fcndet, in welchem sich B\u00fcrgerinnen und B\u00fcrger zusammenschlossen, um an einer m\u00f6glichst b\u00fcrgernahen, umweltorientierten und nachhaltigen Mitgestaltung des Gemeinwesens in unserer Stadt teilzuhaben. Seit 25 Jahren ist das KBF [&hellip;]","og_url":"https:\/\/www.badkrozinger-buergerforum.de\/index.php\/position-2\/","og_site_name":"Bad Krozinger B\u00fcrgerforum e.V.","article_modified_time":"2021-09-16T21:30:24+00:00","twitter_card":"summary_large_image","twitter_misc":{"Gesch\u00e4tzte Lesezeit":"6\u00a0Minuten"},"schema":{"@context":"https:\/\/schema.org","@graph":[{"@type":"WebPage","@id":"https:\/\/www.badkrozinger-buergerforum.de\/index.php\/position-2\/","url":"https:\/\/www.badkrozinger-buergerforum.de\/index.php\/position-2\/","name":"Position - Bad Krozinger B\u00fcrgerforum e.V.","isPartOf":{"@id":"https:\/\/www.badkrozinger-buergerforum.de\/#website"},"datePublished":"2021-09-16T21:29:56+00:00","dateModified":"2021-09-16T21:30:24+00:00","breadcrumb":{"@id":"https:\/\/www.badkrozinger-buergerforum.de\/index.php\/position-2\/#breadcrumb"},"inLanguage":"de","potentialAction":[{"@type":"ReadAction","target":["https:\/\/www.badkrozinger-buergerforum.de\/index.php\/position-2\/"]}]},{"@type":"BreadcrumbList","@id":"https:\/\/www.badkrozinger-buergerforum.de\/index.php\/position-2\/#breadcrumb","itemListElement":[{"@type":"ListItem","position":1,"name":"Startseite","item":"https:\/\/www.badkrozinger-buergerforum.de\/"},{"@type":"ListItem","position":2,"name":"Position"}]},{"@type":"WebSite","@id":"https:\/\/www.badkrozinger-buergerforum.de\/#website","url":"https:\/\/www.badkrozinger-buergerforum.de\/","name":"Bad Krozinger B\u00fcrgerforum e.V.","description":"","publisher":{"@id":"https:\/\/www.badkrozinger-buergerforum.de\/#organization"},"potentialAction":[{"@type":"SearchAction","target":{"@type":"EntryPoint","urlTemplate":"https:\/\/www.badkrozinger-buergerforum.de\/?s={search_term_string}"},"query-input":"required name=search_term_string"}],"inLanguage":"de"},{"@type":"Organization","@id":"https:\/\/www.badkrozinger-buergerforum.de\/#organization","name":"Bad Krozinger B\u00fcrgerforum e.V.","url":"https:\/\/www.badkrozinger-buergerforum.de\/","logo":{"@type":"ImageObject","inLanguage":"de","@id":"https:\/\/www.badkrozinger-buergerforum.de\/#\/schema\/logo\/image\/","url":"https:\/\/www.badkrozinger-buergerforum.de\/wp-content\/uploads\/2021\/09\/Buergerforum-Bad-Krozingen-1.png","contentUrl":"https:\/\/www.badkrozinger-buergerforum.de\/wp-content\/uploads\/2021\/09\/Buergerforum-Bad-Krozingen-1.png","width":3000,"height":1500,"caption":"Bad Krozinger B\u00fcrgerforum e.V."},"image":{"@id":"https:\/\/www.badkrozinger-buergerforum.de\/#\/schema\/logo\/image\/"}}]}},"_links":{"self":[{"href":"https:\/\/www.badkrozinger-buergerforum.de\/index.php\/wp-json\/wp\/v2\/pages\/216"}],"collection":[{"href":"https:\/\/www.badkrozinger-buergerforum.de\/index.php\/wp-json\/wp\/v2\/pages"}],"about":[{"href":"https:\/\/www.badkrozinger-buergerforum.de\/index.php\/wp-json\/wp\/v2\/types\/page"}],"author":[{"embeddable":true,"href":"https:\/\/www.badkrozinger-buergerforum.de\/index.php\/wp-json\/wp\/v2\/users\/1"}],"replies":[{"embeddable":true,"href":"https:\/\/www.badkrozinger-buergerforum.de\/index.php\/wp-json\/wp\/v2\/comments?post=216"}],"version-history":[{"count":4,"href":"https:\/\/www.badkrozinger-buergerforum.de\/index.php\/wp-json\/wp\/v2\/pages\/216\/revisions"}],"predecessor-version":[{"id":221,"href":"https:\/\/www.badkrozinger-buergerforum.de\/index.php\/wp-json\/wp\/v2\/pages\/216\/revisions\/221"}],"wp:attachment":[{"href":"https:\/\/www.badkrozinger-buergerforum.de\/index.php\/wp-json\/wp\/v2\/media?parent=216"}],"curies":[{"name":"wp","href":"https:\/\/api.w.org\/{rel}","templated":true}]}}