{"id":563,"date":"2021-11-10T19:35:45","date_gmt":"2021-11-10T17:35:45","guid":{"rendered":"https:\/\/www.badkrozinger-buergerforum.de\/?page_id=563"},"modified":"2022-01-13T22:11:27","modified_gmt":"2022-01-13T20:11:27","slug":"sponsoren","status":"publish","type":"page","link":"https:\/\/www.badkrozinger-buergerforum.de\/index.php\/sponsoren\/","title":{"rendered":"Sponsoren"},"content":{"rendered":"\t\t<div data-elementor-type=\"wp-page\" data-elementor-id=\"563\" class=\"elementor elementor-563\">\n\t\t\t\t\t\t<section class=\"elementor-section elementor-top-section elementor-element elementor-element-2a01335 elementor-section-boxed elementor-section-height-default elementor-section-height-default\" data-id=\"2a01335\" data-element_type=\"section\">\n\t\t\t\t\t\t<div class=\"elementor-container elementor-column-gap-default\">\n\t\t\t\t\t<div class=\"elementor-column elementor-col-100 elementor-top-column elementor-element elementor-element-ee62017\" data-id=\"ee62017\" data-element_type=\"column\">\n\t\t\t<div class=\"elementor-widget-wrap elementor-element-populated\">\n\t\t\t\t\t\t<div class=\"elementor-element elementor-element-c7b8a70 elementor-widget elementor-widget-heading\" data-id=\"c7b8a70\" data-element_type=\"widget\" data-widget_type=\"heading.default\">\n\t\t\t\t<div class=\"elementor-widget-container\">\n\t\t\t<style>\/*! elementor - v3.23.0 - 05-08-2024 *\/\n.elementor-heading-title{padding:0;margin:0;line-height:1}.elementor-widget-heading .elementor-heading-title[class*=elementor-size-]>a{color:inherit;font-size:inherit;line-height:inherit}.elementor-widget-heading .elementor-heading-title.elementor-size-small{font-size:15px}.elementor-widget-heading .elementor-heading-title.elementor-size-medium{font-size:19px}.elementor-widget-heading .elementor-heading-title.elementor-size-large{font-size:29px}.elementor-widget-heading .elementor-heading-title.elementor-size-xl{font-size:39px}.elementor-widget-heading .elementor-heading-title.elementor-size-xxl{font-size:59px}<\/style><h2 class=\"elementor-heading-title elementor-size-default\">Sponsoren<\/h2>\t\t<\/div>\n\t\t\t\t<\/div>\n\t\t\t\t\t<\/div>\n\t\t<\/div>\n\t\t\t\t\t<\/div>\n\t\t<\/section>\n\t\t\t\t<section class=\"elementor-section elementor-top-section elementor-element elementor-element-d4cbc88 elementor-section-boxed elementor-section-height-default elementor-section-height-default\" data-id=\"d4cbc88\" data-element_type=\"section\">\n\t\t\t\t\t\t<div class=\"elementor-container elementor-column-gap-default\">\n\t\t\t\t\t<div class=\"elementor-column elementor-col-100 elementor-top-column elementor-element elementor-element-0e57d45\" data-id=\"0e57d45\" data-element_type=\"column\">\n\t\t\t<div class=\"elementor-widget-wrap elementor-element-populated\">\n\t\t\t\t\t\t<div class=\"elementor-element elementor-element-4a9a152 elementor-widget elementor-widget-text-editor\" data-id=\"4a9a152\" data-element_type=\"widget\" data-widget_type=\"text-editor.default\">\n\t\t\t\t<div class=\"elementor-widget-container\">\n\t\t\t<style>\/*! elementor - v3.23.0 - 05-08-2024 *\/\n.elementor-widget-text-editor.elementor-drop-cap-view-stacked .elementor-drop-cap{background-color:#69727d;color:#fff}.elementor-widget-text-editor.elementor-drop-cap-view-framed .elementor-drop-cap{color:#69727d;border:3px solid;background-color:transparent}.elementor-widget-text-editor:not(.elementor-drop-cap-view-default) .elementor-drop-cap{margin-top:8px}.elementor-widget-text-editor:not(.elementor-drop-cap-view-default) .elementor-drop-cap-letter{width:1em;height:1em}.elementor-widget-text-editor .elementor-drop-cap{float:left;text-align:center;line-height:1;font-size:50px}.elementor-widget-text-editor .elementor-drop-cap-letter{display:inline-block}<\/style>\t\t\t\t<p class=\"MsoNormal\">Das Bad Krozinger B\u00dcRGERFORUM e.V. finanziert sich nur aus Spenden und ist nicht gewinnorientiert. F\u00fcr jeden Sponsor\/Spender bedeutet dies, dass sie\/er sich an der Entwicklung einer B\u00fcrgerfreundlichen Stadt beteiligt. Nur mit mutigen B\u00fcrgern kann auch die Gesellschaft wie auch die Wirtschaft sinnvoll wachsen und florieren.<span style=\"font-size: 14px; color: var( --e-global-color-text );\">\u00a0<\/span><\/p><p class=\"MsoNormal\">Deshalb bitten wir sie, nutzen sie ihre M\u00f6glichkeiten und unterst\u00fctzen sie uns mit einem Betrag, den sie f\u00fcr angemessen halten.<\/p>\t\t\t\t\t\t<\/div>\n\t\t\t\t<\/div>\n\t\t\t\t\t<\/div>\n\t\t<\/div>\n\t\t\t\t\t<\/div>\n\t\t<\/section>\n\t\t\t\t<section class=\"elementor-section elementor-top-section elementor-element elementor-element-1ed869a elementor-section-boxed elementor-section-height-default elementor-section-height-default\" data-id=\"1ed869a\" data-element_type=\"section\">\n\t\t\t\t\t\t<div class=\"elementor-container elementor-column-gap-default\">\n\t\t\t\t\t<div class=\"elementor-column elementor-col-100 elementor-top-column elementor-element elementor-element-55f043e\" data-id=\"55f043e\" data-element_type=\"column\">\n\t\t\t<div class=\"elementor-widget-wrap elementor-element-populated\">\n\t\t\t\t\t\t<section class=\"elementor-section elementor-inner-section elementor-element elementor-element-7db28c6 elementor-section-boxed elementor-section-height-default elementor-section-height-default\" data-id=\"7db28c6\" data-element_type=\"section\">\n\t\t\t\t\t\t<div class=\"elementor-container elementor-column-gap-default\">\n\t\t\t\t\t<div class=\"elementor-column elementor-col-100 elementor-inner-column elementor-element elementor-element-2da8a63\" data-id=\"2da8a63\" data-element_type=\"column\">\n\t\t\t<div class=\"elementor-widget-wrap elementor-element-populated\">\n\t\t\t\t\t\t<div class=\"elementor-element elementor-element-7b13a63 elementor-widget elementor-widget-heading\" data-id=\"7b13a63\" data-element_type=\"widget\" data-widget_type=\"heading.default\">\n\t\t\t\t<div class=\"elementor-widget-container\">\n\t\t\t<h2 class=\"elementor-heading-title elementor-size-default\">Das Bad Krozinger B\u00dcRGERFORUM bedankt sich<\/h2>\t\t<\/div>\n\t\t\t\t<\/div>\n\t\t\t\t\t<\/div>\n\t\t<\/div>\n\t\t\t\t\t<\/div>\n\t\t<\/section>\n\t\t\t\t\t<\/div>\n\t\t<\/div>\n\t\t\t\t\t<\/div>\n\t\t<\/section>\n\t\t\t\t<section class=\"elementor-section elementor-top-section elementor-element elementor-element-75784e4 elementor-section-boxed elementor-section-height-default elementor-section-height-default\" data-id=\"75784e4\" data-element_type=\"section\">\n\t\t\t\t\t\t<div class=\"elementor-container elementor-column-gap-default\">\n\t\t\t\t\t<div class=\"elementor-column elementor-col-100 elementor-top-column elementor-element elementor-element-85a44f1\" data-id=\"85a44f1\" data-element_type=\"column\">\n\t\t\t<div class=\"elementor-widget-wrap elementor-element-populated\">\n\t\t\t\t\t\t<div class=\"elementor-element elementor-element-c6c8726 elementor-widget elementor-widget-text-editor\" data-id=\"c6c8726\" data-element_type=\"widget\" data-widget_type=\"text-editor.default\">\n\t\t\t\t<div class=\"elementor-widget-container\">\n\t\t\t\t\t\t\t<p><b>Auszug aus unserer Satzung<br>\u00a72<br>Zweck, Aufgabe, Gemeinn\u00fctzigkeit<\/b><br>(1) Der Verein ist ein Zusammenschluss von B\u00fcrgerinnen und B\u00fcrger, die sich ohne die<br>Bindung an politische Parteien aktiv f\u00fcr eine b\u00fcrgernahe, sachbezogene,<br>umweltbewusste und zukunftsorientierte Mitgestaltung des \u00f6ffentlichen (politischen,<br>gesellschaftlichen und wirtschaftlichen) Lebens in der Gemeinde Bad Krozingen<br>einsetzen wollen.<\/p>\n<p><b>Der Verein sieht seinen Hauptzweck<\/b><br>&#8211; sowohl darin, parteiunabh\u00e4ngig, zeitnah und umfassend \u00fcber die<br>kommunalpolitischen Entscheidungsprozesse in der Gemeinde Bad Krozingen zu<br>informieren,<br>&#8211; sowie darin, die B\u00fcrgerschaft in die politische Willensbildung der Gemeinde Bad<br>Krozingen mit einzubeziehen, in dem der Verein ihr M\u00f6glichkeiten der Mitwirkung<br>und Einflussnahme auf die Entwicklung der Gemeinde anbietet, die \u00fcber die aktive<br>Teilnahme an den politischen Wahlen hinausgehen &#8211; sowie in der Teilnahme an kommunalpolitischen Wahlen in Bad Krozingen.<\/p>\n<p>(2) Der Verein verfolgt ausschlie\u00dflich und unmittelbar gemeinn\u00fctzige Zwecke im Sinne<br>des Abschnittes \u201esteuerbeg\u00fcnstigte Zwecke&#8220; der Abgabenordnung. Der<br>Satzungszweck wird insbesondere durch die Ma\u00dfnahme der politischen<br>Willensbildung sowie der politischen Bildung und Information verwirklicht.<\/p>\n<p>Der Verein ist selbstlos t\u00e4tig; er verfolgt keine eigenwirtschaftlichen Zwecke.<br>Die Mittel d\u00fcrfen nur f\u00fcr die satzungsm\u00e4\u00dfigen Zwecke verwendet werden. Die<br>Mitglieder erhalten keine Zuwendungen aus den Mitteln des Vereins. Es darf keine<br>Person durch Ausgaben, die dem Zweck des Vereins fremd sind oder durch<br>unverh\u00e4ltnism\u00e4\u00dfig hohe Verg\u00fctungen beg\u00fcnstigt werden.<\/p>\n<p>Bei Aufl\u00f6sung oder Aufhebung des Vereins oder der Wegfall seines bisherigen<br>Zweckes f\u00e4llt das Verm\u00f6gen des Vereins an die Gemeinde Bad Krozingen, die es <br>unmittelbar und ausschlie\u00dflich f\u00fcr gemeinn\u00fctzige Zwecke zu verwenden hat.<\/p>\t\t\t\t\t\t<\/div>\n\t\t\t\t<\/div>\n\t\t\t\t\t<\/div>\n\t\t<\/div>\n\t\t\t\t\t<\/div>\n\t\t<\/section>\n\t\t\t\t<section class=\"elementor-section elementor-top-section elementor-element elementor-element-be6bc84 elementor-section-boxed elementor-section-height-default elementor-section-height-default\" data-id=\"be6bc84\" data-element_type=\"section\">\n\t\t\t\t\t\t<div class=\"elementor-container elementor-column-gap-default\">\n\t\t\t\t\t<div class=\"elementor-column elementor-col-100 elementor-top-column elementor-element elementor-element-8958766\" data-id=\"8958766\" data-element_type=\"column\">\n\t\t\t<div class=\"elementor-widget-wrap elementor-element-populated\">\n\t\t\t\t\t\t<div class=\"elementor-element elementor-element-af2f5b3 elementor-widget elementor-widget-heading\" data-id=\"af2f5b3\" data-element_type=\"widget\" data-widget_type=\"heading.default\">\n\t\t\t\t<div class=\"elementor-widget-container\">\n\t\t\t<h2 class=\"elementor-heading-title elementor-size-default\">Unsere Kontodaten<\/h2>\t\t<\/div>\n\t\t\t\t<\/div>\n\t\t\t\t<div class=\"elementor-element elementor-element-a634ed0 elementor-widget elementor-widget-text-editor\" data-id=\"a634ed0\" data-element_type=\"widget\" data-widget_type=\"text-editor.default\">\n\t\t\t\t<div class=\"elementor-widget-container\">\n\t\t\t\t\t\t\t<p>B\u00fcrgerforum Bad Krozingen e.V.<br \/>Volksbank Breisgau Markgr\u00e4flerland<br \/>IBAN: DE93 6806 1505 0000 1676 57<br \/>BIC: GENODE61IHR<\/p><p>\u00a0<\/p>\t\t\t\t\t\t<\/div>\n\t\t\t\t<\/div>\n\t\t\t\t\t<\/div>\n\t\t<\/div>\n\t\t\t\t\t<\/div>\n\t\t<\/section>\n\t\t\t\t<\/div>\n\t\t","protected":false},"excerpt":{"rendered":"<p>Sponsoren Das Bad Krozinger B\u00dcRGERFORUM e.V. finanziert sich nur aus Spenden und ist nicht gewinnorientiert. F\u00fcr jeden Sponsor\/Spender bedeutet dies, dass sie\/er sich an der Entwicklung einer B\u00fcrgerfreundlichen Stadt beteiligt. Nur mit mutigen B\u00fcrgern kann auch die Gesellschaft wie auch die Wirtschaft sinnvoll wachsen und florieren.\u00a0 Deshalb bitten wir sie, nutzen sie ihre M\u00f6glichkeiten und [&hellip;]<\/p>\n","protected":false},"author":1,"featured_media":0,"parent":0,"menu_order":0,"comment_status":"closed","ping_status":"closed","template":"","meta":{"ocean_post_layout":"full-screen","ocean_both_sidebars_style":"","ocean_both_sidebars_content_width":0,"ocean_both_sidebars_sidebars_width":0,"ocean_sidebar":"0","ocean_second_sidebar":"0","ocean_disable_margins":"enable","ocean_add_body_class":"","ocean_shortcode_before_top_bar":"","ocean_shortcode_after_top_bar":"","ocean_shortcode_before_header":"","ocean_shortcode_after_header":"","ocean_has_shortcode":"","ocean_shortcode_after_title":"","ocean_shortcode_before_footer_widgets":"","ocean_shortcode_after_footer_widgets":"","ocean_shortcode_before_footer_bottom":"","ocean_shortcode_after_footer_bottom":"","ocean_display_top_bar":"default","ocean_display_header":"default","ocean_header_style":"","ocean_center_header_left_menu":"0","ocean_custom_header_template":"0","ocean_custom_logo":0,"ocean_custom_retina_logo":0,"ocean_custom_logo_max_width":0,"ocean_custom_logo_tablet_max_width":0,"ocean_custom_logo_mobile_max_width":0,"ocean_custom_logo_max_height":0,"ocean_custom_logo_tablet_max_height":0,"ocean_custom_logo_mobile_max_height":0,"ocean_header_custom_menu":"0","ocean_menu_typo_font_family":"0","ocean_menu_typo_font_subset":"","ocean_menu_typo_font_size":0,"ocean_menu_typo_font_size_tablet":0,"ocean_menu_typo_font_size_mobile":0,"ocean_menu_typo_font_size_unit":"px","ocean_menu_typo_font_weight":"","ocean_menu_typo_font_weight_tablet":"","ocean_menu_typo_font_weight_mobile":"","ocean_menu_typo_transform":"","ocean_menu_typo_transform_tablet":"","ocean_menu_typo_transform_mobile":"","ocean_menu_typo_line_height":0,"ocean_menu_typo_line_height_tablet":0,"ocean_menu_typo_line_height_mobile":0,"ocean_menu_typo_line_height_unit":"","ocean_menu_typo_spacing":0,"ocean_menu_typo_spacing_tablet":0,"ocean_menu_typo_spacing_mobile":0,"ocean_menu_typo_spacing_unit":"","ocean_menu_link_color":"","ocean_menu_link_color_hover":"","ocean_menu_link_color_active":"","ocean_menu_link_background":"","ocean_menu_link_hover_background":"","ocean_menu_link_active_background":"","ocean_menu_social_links_bg":"","ocean_menu_social_hover_links_bg":"","ocean_menu_social_links_color":"","ocean_menu_social_hover_links_color":"","ocean_disable_title":"default","ocean_disable_heading":"default","ocean_post_title":"","ocean_post_subheading":"","ocean_post_title_style":"","ocean_post_title_background_color":"","ocean_post_title_background":0,"ocean_post_title_bg_image_position":"","ocean_post_title_bg_image_attachment":"","ocean_post_title_bg_image_repeat":"","ocean_post_title_bg_image_size":"","ocean_post_title_height":0,"ocean_post_title_bg_overlay":0.5,"ocean_post_title_bg_overlay_color":"","ocean_disable_breadcrumbs":"default","ocean_breadcrumbs_color":"","ocean_breadcrumbs_separator_color":"","ocean_breadcrumbs_links_color":"","ocean_breadcrumbs_links_hover_color":"","ocean_display_footer_widgets":"default","ocean_display_footer_bottom":"default","ocean_custom_footer_template":"0"},"yoast_head":"<!-- This site is optimized with the Yoast SEO plugin v21.1 - https:\/\/yoast.com\/wordpress\/plugins\/seo\/ -->\n<title>Sponsoren - Bad Krozinger B\u00fcrgerforum e.V.<\/title>\n<meta name=\"robots\" content=\"index, follow, max-snippet:-1, max-image-preview:large, max-video-preview:-1\" \/>\n<link rel=\"canonical\" href=\"https:\/\/www.badkrozinger-buergerforum.de\/index.php\/sponsoren\/\" \/>\n<meta property=\"og:locale\" content=\"de_DE\" \/>\n<meta property=\"og:type\" content=\"article\" \/>\n<meta property=\"og:title\" content=\"Sponsoren - Bad Krozinger B\u00fcrgerforum e.V.\" \/>\n<meta property=\"og:description\" content=\"Sponsoren Das Bad Krozinger B\u00dcRGERFORUM e.V. finanziert sich nur aus Spenden und ist nicht gewinnorientiert. F\u00fcr jeden Sponsor\/Spender bedeutet dies, dass sie\/er sich an der Entwicklung einer B\u00fcrgerfreundlichen Stadt beteiligt. Nur mit mutigen B\u00fcrgern kann auch die Gesellschaft wie auch die Wirtschaft sinnvoll wachsen und florieren.\u00a0 Deshalb bitten wir sie, nutzen sie ihre M\u00f6glichkeiten und [&hellip;]\" \/>\n<meta property=\"og:url\" content=\"https:\/\/www.badkrozinger-buergerforum.de\/index.php\/sponsoren\/\" \/>\n<meta property=\"og:site_name\" content=\"Bad Krozinger B\u00fcrgerforum e.V.\" \/>\n<meta property=\"article:modified_time\" content=\"2022-01-13T20:11:27+00:00\" \/>\n<meta name=\"twitter:card\" content=\"summary_large_image\" \/>\n<meta name=\"twitter:label1\" content=\"Gesch\u00e4tzte Lesezeit\" \/>\n\t<meta name=\"twitter:data1\" content=\"2\u00a0Minuten\" \/>\n<script type=\"application\/ld+json\" class=\"yoast-schema-graph\">{\"@context\":\"https:\/\/schema.org\",\"@graph\":[{\"@type\":\"WebPage\",\"@id\":\"https:\/\/www.badkrozinger-buergerforum.de\/index.php\/sponsoren\/\",\"url\":\"https:\/\/www.badkrozinger-buergerforum.de\/index.php\/sponsoren\/\",\"name\":\"Sponsoren - Bad Krozinger B\u00fcrgerforum e.V.\",\"isPartOf\":{\"@id\":\"https:\/\/www.badkrozinger-buergerforum.de\/#website\"},\"datePublished\":\"2021-11-10T17:35:45+00:00\",\"dateModified\":\"2022-01-13T20:11:27+00:00\",\"breadcrumb\":{\"@id\":\"https:\/\/www.badkrozinger-buergerforum.de\/index.php\/sponsoren\/#breadcrumb\"},\"inLanguage\":\"de\",\"potentialAction\":[{\"@type\":\"ReadAction\",\"target\":[\"https:\/\/www.badkrozinger-buergerforum.de\/index.php\/sponsoren\/\"]}]},{\"@type\":\"BreadcrumbList\",\"@id\":\"https:\/\/www.badkrozinger-buergerforum.de\/index.php\/sponsoren\/#breadcrumb\",\"itemListElement\":[{\"@type\":\"ListItem\",\"position\":1,\"name\":\"Startseite\",\"item\":\"https:\/\/www.badkrozinger-buergerforum.de\/\"},{\"@type\":\"ListItem\",\"position\":2,\"name\":\"Sponsoren\"}]},{\"@type\":\"WebSite\",\"@id\":\"https:\/\/www.badkrozinger-buergerforum.de\/#website\",\"url\":\"https:\/\/www.badkrozinger-buergerforum.de\/\",\"name\":\"Bad Krozinger B\u00fcrgerforum e.V.\",\"description\":\"\",\"publisher\":{\"@id\":\"https:\/\/www.badkrozinger-buergerforum.de\/#organization\"},\"potentialAction\":[{\"@type\":\"SearchAction\",\"target\":{\"@type\":\"EntryPoint\",\"urlTemplate\":\"https:\/\/www.badkrozinger-buergerforum.de\/?s={search_term_string}\"},\"query-input\":\"required name=search_term_string\"}],\"inLanguage\":\"de\"},{\"@type\":\"Organization\",\"@id\":\"https:\/\/www.badkrozinger-buergerforum.de\/#organization\",\"name\":\"Bad Krozinger B\u00fcrgerforum e.V.\",\"url\":\"https:\/\/www.badkrozinger-buergerforum.de\/\",\"logo\":{\"@type\":\"ImageObject\",\"inLanguage\":\"de\",\"@id\":\"https:\/\/www.badkrozinger-buergerforum.de\/#\/schema\/logo\/image\/\",\"url\":\"https:\/\/www.badkrozinger-buergerforum.de\/wp-content\/uploads\/2021\/09\/Buergerforum-Bad-Krozingen-1.png\",\"contentUrl\":\"https:\/\/www.badkrozinger-buergerforum.de\/wp-content\/uploads\/2021\/09\/Buergerforum-Bad-Krozingen-1.png\",\"width\":3000,\"height\":1500,\"caption\":\"Bad Krozinger B\u00fcrgerforum e.V.\"},\"image\":{\"@id\":\"https:\/\/www.badkrozinger-buergerforum.de\/#\/schema\/logo\/image\/\"}}]}<\/script>\n<!-- \/ Yoast SEO plugin. -->","yoast_head_json":{"title":"Sponsoren - Bad Krozinger B\u00fcrgerforum e.V.","robots":{"index":"index","follow":"follow","max-snippet":"max-snippet:-1","max-image-preview":"max-image-preview:large","max-video-preview":"max-video-preview:-1"},"canonical":"https:\/\/www.badkrozinger-buergerforum.de\/index.php\/sponsoren\/","og_locale":"de_DE","og_type":"article","og_title":"Sponsoren - Bad Krozinger B\u00fcrgerforum e.V.","og_description":"Sponsoren Das Bad Krozinger B\u00dcRGERFORUM e.V. finanziert sich nur aus Spenden und ist nicht gewinnorientiert. F\u00fcr jeden Sponsor\/Spender bedeutet dies, dass sie\/er sich an der Entwicklung einer B\u00fcrgerfreundlichen Stadt beteiligt. Nur mit mutigen B\u00fcrgern kann auch die Gesellschaft wie auch die Wirtschaft sinnvoll wachsen und florieren.\u00a0 Deshalb bitten wir sie, nutzen sie ihre M\u00f6glichkeiten und [&hellip;]","og_url":"https:\/\/www.badkrozinger-buergerforum.de\/index.php\/sponsoren\/","og_site_name":"Bad Krozinger B\u00fcrgerforum e.V.","article_modified_time":"2022-01-13T20:11:27+00:00","twitter_card":"summary_large_image","twitter_misc":{"Gesch\u00e4tzte Lesezeit":"2\u00a0Minuten"},"schema":{"@context":"https:\/\/schema.org","@graph":[{"@type":"WebPage","@id":"https:\/\/www.badkrozinger-buergerforum.de\/index.php\/sponsoren\/","url":"https:\/\/www.badkrozinger-buergerforum.de\/index.php\/sponsoren\/","name":"Sponsoren - Bad Krozinger B\u00fcrgerforum e.V.","isPartOf":{"@id":"https:\/\/www.badkrozinger-buergerforum.de\/#website"},"datePublished":"2021-11-10T17:35:45+00:00","dateModified":"2022-01-13T20:11:27+00:00","breadcrumb":{"@id":"https:\/\/www.badkrozinger-buergerforum.de\/index.php\/sponsoren\/#breadcrumb"},"inLanguage":"de","potentialAction":[{"@type":"ReadAction","target":["https:\/\/www.badkrozinger-buergerforum.de\/index.php\/sponsoren\/"]}]},{"@type":"BreadcrumbList","@id":"https:\/\/www.badkrozinger-buergerforum.de\/index.php\/sponsoren\/#breadcrumb","itemListElement":[{"@type":"ListItem","position":1,"name":"Startseite","item":"https:\/\/www.badkrozinger-buergerforum.de\/"},{"@type":"ListItem","position":2,"name":"Sponsoren"}]},{"@type":"WebSite","@id":"https:\/\/www.badkrozinger-buergerforum.de\/#website","url":"https:\/\/www.badkrozinger-buergerforum.de\/","name":"Bad Krozinger B\u00fcrgerforum e.V.","description":"","publisher":{"@id":"https:\/\/www.badkrozinger-buergerforum.de\/#organization"},"potentialAction":[{"@type":"SearchAction","target":{"@type":"EntryPoint","urlTemplate":"https:\/\/www.badkrozinger-buergerforum.de\/?s={search_term_string}"},"query-input":"required name=search_term_string"}],"inLanguage":"de"},{"@type":"Organization","@id":"https:\/\/www.badkrozinger-buergerforum.de\/#organization","name":"Bad Krozinger B\u00fcrgerforum e.V.","url":"https:\/\/www.badkrozinger-buergerforum.de\/","logo":{"@type":"ImageObject","inLanguage":"de","@id":"https:\/\/www.badkrozinger-buergerforum.de\/#\/schema\/logo\/image\/","url":"https:\/\/www.badkrozinger-buergerforum.de\/wp-content\/uploads\/2021\/09\/Buergerforum-Bad-Krozingen-1.png","contentUrl":"https:\/\/www.badkrozinger-buergerforum.de\/wp-content\/uploads\/2021\/09\/Buergerforum-Bad-Krozingen-1.png","width":3000,"height":1500,"caption":"Bad Krozinger B\u00fcrgerforum e.V."},"image":{"@id":"https:\/\/www.badkrozinger-buergerforum.de\/#\/schema\/logo\/image\/"}}]}},"_links":{"self":[{"href":"https:\/\/www.badkrozinger-buergerforum.de\/index.php\/wp-json\/wp\/v2\/pages\/563"}],"collection":[{"href":"https:\/\/www.badkrozinger-buergerforum.de\/index.php\/wp-json\/wp\/v2\/pages"}],"about":[{"href":"https:\/\/www.badkrozinger-buergerforum.de\/index.php\/wp-json\/wp\/v2\/types\/page"}],"author":[{"embeddable":true,"href":"https:\/\/www.badkrozinger-buergerforum.de\/index.php\/wp-json\/wp\/v2\/users\/1"}],"replies":[{"embeddable":true,"href":"https:\/\/www.badkrozinger-buergerforum.de\/index.php\/wp-json\/wp\/v2\/comments?post=563"}],"version-history":[{"count":14,"href":"https:\/\/www.badkrozinger-buergerforum.de\/index.php\/wp-json\/wp\/v2\/pages\/563\/revisions"}],"predecessor-version":[{"id":727,"href":"https:\/\/www.badkrozinger-buergerforum.de\/index.php\/wp-json\/wp\/v2\/pages\/563\/revisions\/727"}],"wp:attachment":[{"href":"https:\/\/www.badkrozinger-buergerforum.de\/index.php\/wp-json\/wp\/v2\/media?parent=563"}],"curies":[{"name":"wp","href":"https:\/\/api.w.org\/{rel}","templated":true}]}}