{"id":714,"date":"2022-01-13T21:18:11","date_gmt":"2022-01-13T19:18:11","guid":{"rendered":"https:\/\/www.badkrozinger-buergerforum.de\/?page_id=714"},"modified":"2024-01-17T14:15:06","modified_gmt":"2024-01-17T12:15:06","slug":"zur-geschichte-des-bad-krozinger-buergerforums","status":"publish","type":"page","link":"https:\/\/www.badkrozinger-buergerforum.de\/index.php\/zur-geschichte-des-bad-krozinger-buergerforums\/","title":{"rendered":"Zur Geschichte des Bad Krozinger B\u00fcrgerforums"},"content":{"rendered":"\t\t<div data-elementor-type=\"wp-page\" data-elementor-id=\"714\" class=\"elementor elementor-714\">\n\t\t\t\t\t\t<section class=\"elementor-section elementor-top-section elementor-element elementor-element-4adabfb5 elementor-section-boxed elementor-section-height-default elementor-section-height-default\" data-id=\"4adabfb5\" data-element_type=\"section\">\n\t\t\t\t\t\t<div class=\"elementor-container elementor-column-gap-default\">\n\t\t\t\t\t<div class=\"elementor-column elementor-col-100 elementor-top-column elementor-element elementor-element-77ecce12\" data-id=\"77ecce12\" data-element_type=\"column\">\n\t\t\t<div class=\"elementor-widget-wrap elementor-element-populated\">\n\t\t\t\t\t\t<div class=\"elementor-element elementor-element-35084f3f elementor-widget elementor-widget-text-editor\" data-id=\"35084f3f\" data-element_type=\"widget\" data-widget_type=\"text-editor.default\">\n\t\t\t\t<div class=\"elementor-widget-container\">\n\t\t\t<style>\/*! elementor - v3.23.0 - 05-08-2024 *\/\n.elementor-widget-text-editor.elementor-drop-cap-view-stacked .elementor-drop-cap{background-color:#69727d;color:#fff}.elementor-widget-text-editor.elementor-drop-cap-view-framed .elementor-drop-cap{color:#69727d;border:3px solid;background-color:transparent}.elementor-widget-text-editor:not(.elementor-drop-cap-view-default) .elementor-drop-cap{margin-top:8px}.elementor-widget-text-editor:not(.elementor-drop-cap-view-default) .elementor-drop-cap-letter{width:1em;height:1em}.elementor-widget-text-editor .elementor-drop-cap{float:left;text-align:center;line-height:1;font-size:50px}.elementor-widget-text-editor .elementor-drop-cap-letter{display:inline-block}<\/style>\t\t\t\t<p><!-- wp:paragraph --><\/p>\n<p><strong>Gr\u00fcndung bis heute &#8211; Das sind wir<\/strong><\/p>\n<p>Unter dem folgenden Link finden sie in Bildern und Text eine Zusammenfassung der Projekte, an denen wir uns ma\u00dfgeblich beteiligt oder vorangetrieben haben.\u00a0<\/p>\n<p><a href=\"https:\/\/www.badkrozinger-buergerforum.de\/wp-content\/uploads\/2024\/01\/KBF-30-Jahre-1.pdf\">https:\/\/www.badkrozinger-buergerforum.de\/wp-content\/uploads\/2024\/01\/KBF-30-Jahre-1.pdf<\/a><\/p>\n<p>Das Bad Krozinger B\u00fcrgerforum wurde am 17.10.1993 mit der Erstellung der Satzung gegr\u00fcndet; die offizielle Eintragung ins Vereinsregister erfolgte am 19.11.1993. Hierbei fanden sich namhafte B\u00fcrger und B\u00fcrgerinnen von Bad Krozingen wie auch Neub\u00fcrger zusammen, die mit der seinerzeitigen Politik in Bad Krozingen unzufrieden waren. Als Ideal schwebte den <b>Gr\u00fcnderinnen und Gr\u00fcndern <\/b>eine b\u00fcrgernahe, parteiunabh\u00e4ngige, umweltbewusste und zukunftsorientierte Politik vor. Die Politische Arbeit sollte sich bewusst von der parteigebundenen Politik abheben; jeder Mitstreiter, egal welchen Alters oder Parteizugeh\u00f6rigkeit, war herzlich willkommen.<\/p>\n<p><img fetchpriority=\"high\" decoding=\"async\" class=\"size-medium wp-image-743 aligncenter\" src=\"https:\/\/www.badkrozinger-buergerforum.de\/wp-content\/uploads\/2022\/01\/Die-Gruenderinnen-und-Gruender-300x215.jpg\" alt=\"\" width=\"300\" height=\"215\" srcset=\"https:\/\/www.badkrozinger-buergerforum.de\/wp-content\/uploads\/2022\/01\/Die-Gruenderinnen-und-Gruender-300x215.jpg 300w, https:\/\/www.badkrozinger-buergerforum.de\/wp-content\/uploads\/2022\/01\/Die-Gruenderinnen-und-Gruender.jpg 640w\" sizes=\"(max-width: 300px) 100vw, 300px\" \/><\/p>\n<p>Themenschwerpunkte der ersten Jahre (zum Teil bis heute) waren die Schaffung eines Wertstoff-Hofes auf dem Areal Roeder (heute: M\u00fcller Recycling), die (nach unserer Ansicht im Vergleich zu heute vorteilhaftere) Umgestaltung des damaligen Bahnhof-Vorplatzes. Dann die separate Verkehrsanbindung des Herzzentrums (heute UHZ) \u00fcber einen Kreisverkehr an der \u00f6stlichen Ortsumfahrung, die zu einer deutlichen Verkehrsentlastung im Innerort, insbesondere in Ober-Krozingen\/Kems, gef\u00fchrt h\u00e4tte. \u00dcber Jahre hinweg besch\u00e4ftigte uns der von uns angestrebte Erhalt des Bad Krozinger Wasser-Grabensystems und dessen Integration in ein Konzept zum Hochwasserschutz unter Leitung des Regierungspr\u00e4sidiums Freiburg.<\/p>\n<p>So war es ein Erfolg, dass wir bereits am 12. Juni 1994 mit vollst\u00e4ndig ausgef\u00fcllter Liste antreten konnten. Auf Anhieb eroberten wir 4 Mandate im Gemeinderat (Bertram Roeder, Anton Dierenbach, Ursula Mandel, Herbert Striegel) und kamen damit als neue Fraktion in den aus CDU, SPD und FDP bestehenden Gemeinderat unter dem damaligen B\u00fcrgermeister Wolfgang Fuchs.<\/p>\n<p>Die politische Arbeit in der ersten Gemeinderatsperiode hatte (neben den obengenannten Themen) f\u00fcr uns mit den folgenden vier Schwerpunktthemen eine Menge Arbeit bereit:<\/p>\n<p><strong>Gemeindeentwicklung und Verkehr gefolgt von den Arbeitskreisen Wirtschaftsf\u00f6rderung, M\u00fcllentsorgung und Verwertung sowie Soziales, Jugend und Familie<\/strong>!<\/p>\n<p>Des Weiteren verschrieben wir uns weiteren Themenschwerpunkten, die unsere Arbeit von Anbeginn bis heute begleitet. Dies ist die engagierte Mitarbeit am Verkehrskonzept <strong>f\u00fcr eine Innerortsberuhigung zugunsten von Fu\u00dfg\u00e4ngern und Radfahrern und einer Weiteroptimierung des \u00d6PNV.<\/strong> Dazu geh\u00f6rte nat\u00fcrlich auch immer das Thema der B3 Umfahrung Bad Krozingens. Dieses Thema war selbstverst\u00e4ndlich immer gegenw\u00e4rtig und dazu ein au\u00dferordentlich gewichtiges, langwieriges Thema, welches immer wieder zu Antr\u00e4gen und Gespr\u00e4chen \u00fcber die Stadt hinausf\u00fchrte.<\/p>\n<p>Politik, das haben wir mit diesem wie auch mit weiteren Themen feststellen und lernen m\u00fcssen, ist eine geduldige und oft langwierige Arbeit. Unseren Gemeinder\u00e4tinnen und Gemeinder\u00e4ten gestern und heute sei hier gedankt f\u00fcr ihre tolle Arbeit.<\/p>\n<p>Bei der n\u00e4chsten Gemeinderatswahl im Oktober 1999 behaupteten wir drei Gemeinderatssitze (Ursula Mandel, Josef Heckle, Elke Fritsch) und hatten damit dann viele konstruktive und kritische Auseinandersetzungen mit dem neuen B\u00fcrgermeister, Dr. Eckehard Meroth. Diese Zeit hat uns ein weiteres Mal gezeigt, wie viele Facetten die Gemeinderatst\u00e4tigkeit f\u00fcr einen Gemeinderat bereith\u00e4lt.<\/p>\n<p>Bis Januar 2000 f\u00fchrte Anton Dierenbach das Bad Krozinger B\u00fcrgerforum als 1. Vorsitzender, gefolgt von Christian Rohn bis im Jahr 2002. Ab 01.03.2002 \u00fcbernahm Till Peter als 1. Vorsitzender das Bad Krozinger B\u00fcrgerforum, das er bis heute erfolgreich weiterf\u00fchrt.<\/p>\n<p><strong>Mit starkem Einsatz der Gemeinder\u00e4te des Bad Krozinger B\u00fcrgerforum wurde der B\u00fcrgerbus ins Leben gerufen <\/strong>und mit 3 Mitgliedern des Bad Krozinger B\u00fcrgerforums als Fahrer und Fahrerinnen am 01. Juli 2004 in Bad Krozingen in Betrieb genommen, die sich bis heute als Fahrer\/Fahrerinnen ehrenamtlich zur Verf\u00fcgung stellen. Dem B\u00fcrgerbus sind und bleiben wir auch weiterhin mit Herz und Seele verbunden.<\/p>\n<p>Es folgte die n\u00e4chste Wahl am 13.Juni 2004, bei der wir im Kernort wieder mit einer vollen Kandidatenliste antreten konnten und 4 Gemeinderatssitze (Elke Fritsch, Josef Heckle, Christian Rohn, Elisabeth Weisser) durch unsere W\u00e4hlerschaft erreichten.<\/p>\n<p>Bei der Gemeinderatswahl am 07. Juni 2009 erzielten wir wiederum 4 Sitze im Gemeinderat, die durch die Kandidaten Elke Fritsch, Elisabeth Weisser, Christian Rohn und Josef Heckle besetzt wurden. Gleichzeitig fand die Europawahl statt und hat damit sicherlich gewisse Werbevorteile f\u00fcr die etablierten Parteien mit sich gebracht.<\/p>\n<p>In den Jahren 2009 bis 2011 <strong>widmeten wir uns der Wasserversorgung von Bad Krozingen, die unserer Meinung nach strikt in B\u00fcrgerhand und nicht in H\u00e4nden eines regionalen Energie- und Wasserversorgers sein sollte.<\/strong>\u00a0 Hier haben sich ganz besonders unsere Gemeinder\u00e4te f\u00fcr den Erhalt, diese in den H\u00e4nden der Stadt zu halten, eingesetzt und letztendlich auch dies durch das erarbeiten einer Mehrheit im Gemeinderat durchgesetzt.<\/p>\n<p>In 2013 hat der Eklat bei der B\u00fcrgermeisterwahl alle Fraktionen durchgesch\u00fcttelt. Dies hat sicherlich auch Auswirkungen auf die folgende Wahl des Gemeinderates mit sich gebracht.<\/p>\n<p>Bei der Gemeinderatswahl am 25.05.2014 erhielten unsere 5 (!) Kandidaten Elke Fritsch, Karola Kreutz, Volker Schmidt, Christian Rohn und Matthias Wassel so viele Stimmen, dass diese in den Gemeinderat einzogen. Mit dem neuen B\u00fcrgermeister, Herrn Kieber, begann nun eine neue Art der Gemeinderatsf\u00fchrung, mit der sich alle auseinandersetzen mussten.<\/p>\n<p>In dieser Zeit wurde die Gestaltung der Fu\u00dfg\u00e4ngerzone und deren abschnittsweise Realisierung zu einem Schwerpunktthema im Gemeinderat \u2013 <strong>ein Thema, das das Bad Krozinger B\u00fcrgerforum seit dessen Gr\u00fcndung im Jahr 1993 aktiv bewarb.<\/strong> Seinerzeit \u2013 vor Realisierung der Ortsumfahrung \u2013 ging es um eine wie auch immer geartete Zone der Verkehrsberuhigung Im Bereich `Bahnhof bis zum Lammplatz`, w\u00e4hrend es nach Realisierung der Ortsumfahrung um eine verkehrsberuhigte Fu\u00dfg\u00e4ngerzone im Bereich der ehemaligen B3 ging.<\/p>\n<p>Bei der Gemeinderatswahl am 26.05.2019 mussten wir auf unser bew\u00e4hrtes und in der Gemeindepolitik erfahrenes Personal, Elke Fritsch und Christian Rohn verzichten, die aus Altersgr\u00fcnden nicht mehr antraten. Wir waren \u00fcbergl\u00fccklich, dass diese Wahl f\u00fcr das Bad Krozinger B\u00fcrgerforum dennoch ein voller Erfolg wurde. Wir erzielten bez\u00fcglich der Zustimmung aus der Bev\u00f6lkerung prozentual gesehen ein besseres Ergebnis als bei der vorherigen Wahl. Aufgrund der Sitzverteilung ergaben sich dennoch diesmal nur 4 Gemeinderatssitze die Volker Schmidt, Karola Kreutz, Karin Eberle und Giovanna Ciucco einnehmen durften.<\/p>\n<p>Neben der politischen Arbeit wurde das private, gesellschaftliche Leben ebenfalls gut gepflegt. Dies beweisen auch die, unter dem Reiter \u201eVeranstaltungen\u201c auf dieser Webseite gezeigten Bilder.<\/p>\n<p>Wir m\u00f6chten <strong>Alle, die sich f\u00fcr ihre Stadt einsetzen wollen, die die Politik in dieser Stadt beeinflussen und mitgestalten m\u00f6chten deshalb bitten, sich aktiv zu engagieren.<\/strong> Machen Sie mit; nur mit Ihrer aktiven und passiven Unterst\u00fctzung werden wir auch weiterhin eine einflussreiche Kraft im Gemeinderat bleiben, die f\u00fcr Sie und Ihre Belange da ist. Machen Sie\/Du mit und werden Teil der Zukunft des Bad Krozinger B\u00fcrgerforums e.V. (KBF). Nutzen sie die angegebenen Termine, um mit uns pers\u00f6nlich in Kontakt zu treten oder schreiben sie uns.<\/p>\n<p><strong>\u00a0\u00a0<\/strong><\/p>\n<p><!-- \/wp:paragraph --><\/p>\n<p><!-- wp:paragraph --><\/p>\n<p>\u00a0<\/p>\n<p><!-- \/wp:paragraph --><\/p>\t\t\t\t\t\t<\/div>\n\t\t\t\t<\/div>\n\t\t\t\t\t<\/div>\n\t\t<\/div>\n\t\t\t\t\t<\/div>\n\t\t<\/section>\n\t\t\t\t<section class=\"elementor-section elementor-top-section elementor-element elementor-element-77309f7 elementor-section-boxed elementor-section-height-default elementor-section-height-default\" data-id=\"77309f7\" data-element_type=\"section\">\n\t\t\t\t\t\t<div class=\"elementor-container elementor-column-gap-default\">\n\t\t\t\t\t<div class=\"elementor-column elementor-col-100 elementor-top-column elementor-element elementor-element-3930091\" data-id=\"3930091\" data-element_type=\"column\">\n\t\t\t<div class=\"elementor-widget-wrap elementor-element-populated\">\n\t\t\t\t\t\t<section class=\"elementor-section elementor-inner-section elementor-element elementor-element-1b682d5 elementor-section-boxed elementor-section-height-default elementor-section-height-default\" data-id=\"1b682d5\" data-element_type=\"section\">\n\t\t\t\t\t\t<div class=\"elementor-container elementor-column-gap-default\">\n\t\t\t\t\t<div class=\"elementor-column elementor-col-50 elementor-inner-column elementor-element elementor-element-1576f70\" data-id=\"1576f70\" data-element_type=\"column\">\n\t\t\t<div class=\"elementor-widget-wrap elementor-element-populated\">\n\t\t\t\t\t\t<section class=\"elementor-section elementor-inner-section elementor-element elementor-element-7186208 elementor-section-boxed elementor-section-height-default elementor-section-height-default\" data-id=\"7186208\" data-element_type=\"section\">\n\t\t\t\t\t\t<div class=\"elementor-container elementor-column-gap-default\">\n\t\t\t\t\t<div class=\"elementor-column elementor-col-50 elementor-inner-column elementor-element elementor-element-2c283f1\" data-id=\"2c283f1\" data-element_type=\"column\">\n\t\t\t<div class=\"elementor-widget-wrap\">\n\t\t\t\t\t\t\t<\/div>\n\t\t<\/div>\n\t\t\t\t<div class=\"elementor-column elementor-col-50 elementor-inner-column elementor-element elementor-element-7fd63b4\" data-id=\"7fd63b4\" data-element_type=\"column\">\n\t\t\t<div class=\"elementor-widget-wrap\">\n\t\t\t\t\t\t\t<\/div>\n\t\t<\/div>\n\t\t\t\t\t<\/div>\n\t\t<\/section>\n\t\t\t\t\t<\/div>\n\t\t<\/div>\n\t\t\t\t<div class=\"elementor-column elementor-col-50 elementor-inner-column elementor-element elementor-element-71b42ed\" data-id=\"71b42ed\" data-element_type=\"column\">\n\t\t\t<div class=\"elementor-widget-wrap\">\n\t\t\t\t\t\t\t<\/div>\n\t\t<\/div>\n\t\t\t\t\t<\/div>\n\t\t<\/section>\n\t\t\t\t\t<\/div>\n\t\t<\/div>\n\t\t\t\t\t<\/div>\n\t\t<\/section>\n\t\t\t\t<\/div>\n\t\t","protected":false},"excerpt":{"rendered":"<p>Gr\u00fcndung bis heute &#8211; Das sind wir Unter dem folgenden Link finden sie in Bildern und Text eine Zusammenfassung der Projekte, an denen wir uns ma\u00dfgeblich beteiligt oder vorangetrieben haben.\u00a0 https:\/\/www.badkrozinger-buergerforum.de\/wp-content\/uploads\/2024\/01\/KBF-30-Jahre-1.pdf Das Bad Krozinger B\u00fcrgerforum wurde am 17.10.1993 mit der Erstellung der Satzung gegr\u00fcndet; die offizielle Eintragung ins Vereinsregister erfolgte am 19.11.1993. Hierbei fanden sich [&hellip;]<\/p>\n","protected":false},"author":8,"featured_media":0,"parent":0,"menu_order":0,"comment_status":"closed","ping_status":"closed","template":"","meta":{"ocean_post_layout":"","ocean_both_sidebars_style":"","ocean_both_sidebars_content_width":0,"ocean_both_sidebars_sidebars_width":0,"ocean_sidebar":"0","ocean_second_sidebar":"0","ocean_disable_margins":"enable","ocean_add_body_class":"","ocean_shortcode_before_top_bar":"","ocean_shortcode_after_top_bar":"","ocean_shortcode_before_header":"","ocean_shortcode_after_header":"","ocean_has_shortcode":"","ocean_shortcode_after_title":"","ocean_shortcode_before_footer_widgets":"","ocean_shortcode_after_footer_widgets":"","ocean_shortcode_before_footer_bottom":"","ocean_shortcode_after_footer_bottom":"","ocean_display_top_bar":"default","ocean_display_header":"default","ocean_header_style":"","ocean_center_header_left_menu":"0","ocean_custom_header_template":"0","ocean_custom_logo":0,"ocean_custom_retina_logo":0,"ocean_custom_logo_max_width":0,"ocean_custom_logo_tablet_max_width":0,"ocean_custom_logo_mobile_max_width":0,"ocean_custom_logo_max_height":0,"ocean_custom_logo_tablet_max_height":0,"ocean_custom_logo_mobile_max_height":0,"ocean_header_custom_menu":"0","ocean_menu_typo_font_family":"0","ocean_menu_typo_font_subset":"","ocean_menu_typo_font_size":0,"ocean_menu_typo_font_size_tablet":0,"ocean_menu_typo_font_size_mobile":0,"ocean_menu_typo_font_size_unit":"px","ocean_menu_typo_font_weight":"","ocean_menu_typo_font_weight_tablet":"","ocean_menu_typo_font_weight_mobile":"","ocean_menu_typo_transform":"","ocean_menu_typo_transform_tablet":"","ocean_menu_typo_transform_mobile":"","ocean_menu_typo_line_height":0,"ocean_menu_typo_line_height_tablet":0,"ocean_menu_typo_line_height_mobile":0,"ocean_menu_typo_line_height_unit":"","ocean_menu_typo_spacing":0,"ocean_menu_typo_spacing_tablet":0,"ocean_menu_typo_spacing_mobile":0,"ocean_menu_typo_spacing_unit":"","ocean_menu_link_color":"","ocean_menu_link_color_hover":"","ocean_menu_link_color_active":"","ocean_menu_link_background":"","ocean_menu_link_hover_background":"","ocean_menu_link_active_background":"","ocean_menu_social_links_bg":"","ocean_menu_social_hover_links_bg":"","ocean_menu_social_links_color":"","ocean_menu_social_hover_links_color":"","ocean_disable_title":"default","ocean_disable_heading":"default","ocean_post_title":"","ocean_post_subheading":"","ocean_post_title_style":"","ocean_post_title_background_color":"","ocean_post_title_background":0,"ocean_post_title_bg_image_position":"","ocean_post_title_bg_image_attachment":"","ocean_post_title_bg_image_repeat":"","ocean_post_title_bg_image_size":"","ocean_post_title_height":0,"ocean_post_title_bg_overlay":0.5,"ocean_post_title_bg_overlay_color":"","ocean_disable_breadcrumbs":"default","ocean_breadcrumbs_color":"","ocean_breadcrumbs_separator_color":"","ocean_breadcrumbs_links_color":"","ocean_breadcrumbs_links_hover_color":"","ocean_display_footer_widgets":"default","ocean_display_footer_bottom":"default","ocean_custom_footer_template":"0"},"yoast_head":"<!-- This site is optimized with the Yoast SEO plugin v21.1 - https:\/\/yoast.com\/wordpress\/plugins\/seo\/ -->\n<title>Zur Geschichte des Bad Krozinger B\u00fcrgerforums - Bad Krozinger B\u00fcrgerforum e.V.<\/title>\n<meta name=\"robots\" content=\"index, follow, max-snippet:-1, max-image-preview:large, max-video-preview:-1\" \/>\n<link rel=\"canonical\" href=\"https:\/\/www.badkrozinger-buergerforum.de\/index.php\/zur-geschichte-des-bad-krozinger-buergerforums\/\" \/>\n<meta property=\"og:locale\" content=\"de_DE\" \/>\n<meta property=\"og:type\" content=\"article\" \/>\n<meta property=\"og:title\" content=\"Zur Geschichte des Bad Krozinger B\u00fcrgerforums - Bad Krozinger B\u00fcrgerforum e.V.\" \/>\n<meta property=\"og:description\" content=\"Gr\u00fcndung bis heute &#8211; Das sind wir Unter dem folgenden Link finden sie in Bildern und Text eine Zusammenfassung der Projekte, an denen wir uns ma\u00dfgeblich beteiligt oder vorangetrieben haben.\u00a0 https:\/\/www.badkrozinger-buergerforum.de\/wp-content\/uploads\/2024\/01\/KBF-30-Jahre-1.pdf Das Bad Krozinger B\u00fcrgerforum wurde am 17.10.1993 mit der Erstellung der Satzung gegr\u00fcndet; die offizielle Eintragung ins Vereinsregister erfolgte am 19.11.1993. Hierbei fanden sich [&hellip;]\" \/>\n<meta property=\"og:url\" content=\"https:\/\/www.badkrozinger-buergerforum.de\/index.php\/zur-geschichte-des-bad-krozinger-buergerforums\/\" \/>\n<meta property=\"og:site_name\" content=\"Bad Krozinger B\u00fcrgerforum e.V.\" \/>\n<meta property=\"article:modified_time\" content=\"2024-01-17T12:15:06+00:00\" \/>\n<meta property=\"og:image\" content=\"https:\/\/www.badkrozinger-buergerforum.de\/wp-content\/uploads\/2022\/01\/Die-Gruenderinnen-und-Gruender-300x215.jpg\" \/>\n<meta name=\"twitter:card\" content=\"summary_large_image\" \/>\n<meta name=\"twitter:label1\" content=\"Gesch\u00e4tzte Lesezeit\" \/>\n\t<meta name=\"twitter:data1\" content=\"6\u00a0Minuten\" \/>\n<script type=\"application\/ld+json\" class=\"yoast-schema-graph\">{\"@context\":\"https:\/\/schema.org\",\"@graph\":[{\"@type\":\"WebPage\",\"@id\":\"https:\/\/www.badkrozinger-buergerforum.de\/index.php\/zur-geschichte-des-bad-krozinger-buergerforums\/\",\"url\":\"https:\/\/www.badkrozinger-buergerforum.de\/index.php\/zur-geschichte-des-bad-krozinger-buergerforums\/\",\"name\":\"Zur Geschichte des Bad Krozinger B\u00fcrgerforums - Bad Krozinger B\u00fcrgerforum e.V.\",\"isPartOf\":{\"@id\":\"https:\/\/www.badkrozinger-buergerforum.de\/#website\"},\"datePublished\":\"2022-01-13T19:18:11+00:00\",\"dateModified\":\"2024-01-17T12:15:06+00:00\",\"breadcrumb\":{\"@id\":\"https:\/\/www.badkrozinger-buergerforum.de\/index.php\/zur-geschichte-des-bad-krozinger-buergerforums\/#breadcrumb\"},\"inLanguage\":\"de\",\"potentialAction\":[{\"@type\":\"ReadAction\",\"target\":[\"https:\/\/www.badkrozinger-buergerforum.de\/index.php\/zur-geschichte-des-bad-krozinger-buergerforums\/\"]}]},{\"@type\":\"BreadcrumbList\",\"@id\":\"https:\/\/www.badkrozinger-buergerforum.de\/index.php\/zur-geschichte-des-bad-krozinger-buergerforums\/#breadcrumb\",\"itemListElement\":[{\"@type\":\"ListItem\",\"position\":1,\"name\":\"Startseite\",\"item\":\"https:\/\/www.badkrozinger-buergerforum.de\/\"},{\"@type\":\"ListItem\",\"position\":2,\"name\":\"Zur Geschichte des Bad Krozinger B\u00fcrgerforums\"}]},{\"@type\":\"WebSite\",\"@id\":\"https:\/\/www.badkrozinger-buergerforum.de\/#website\",\"url\":\"https:\/\/www.badkrozinger-buergerforum.de\/\",\"name\":\"Bad Krozinger B\u00fcrgerforum e.V.\",\"description\":\"\",\"publisher\":{\"@id\":\"https:\/\/www.badkrozinger-buergerforum.de\/#organization\"},\"potentialAction\":[{\"@type\":\"SearchAction\",\"target\":{\"@type\":\"EntryPoint\",\"urlTemplate\":\"https:\/\/www.badkrozinger-buergerforum.de\/?s={search_term_string}\"},\"query-input\":\"required name=search_term_string\"}],\"inLanguage\":\"de\"},{\"@type\":\"Organization\",\"@id\":\"https:\/\/www.badkrozinger-buergerforum.de\/#organization\",\"name\":\"Bad Krozinger B\u00fcrgerforum e.V.\",\"url\":\"https:\/\/www.badkrozinger-buergerforum.de\/\",\"logo\":{\"@type\":\"ImageObject\",\"inLanguage\":\"de\",\"@id\":\"https:\/\/www.badkrozinger-buergerforum.de\/#\/schema\/logo\/image\/\",\"url\":\"https:\/\/www.badkrozinger-buergerforum.de\/wp-content\/uploads\/2021\/09\/Buergerforum-Bad-Krozingen-1.png\",\"contentUrl\":\"https:\/\/www.badkrozinger-buergerforum.de\/wp-content\/uploads\/2021\/09\/Buergerforum-Bad-Krozingen-1.png\",\"width\":3000,\"height\":1500,\"caption\":\"Bad Krozinger B\u00fcrgerforum e.V.\"},\"image\":{\"@id\":\"https:\/\/www.badkrozinger-buergerforum.de\/#\/schema\/logo\/image\/\"}}]}<\/script>\n<!-- \/ Yoast SEO plugin. -->","yoast_head_json":{"title":"Zur Geschichte des Bad Krozinger B\u00fcrgerforums - Bad Krozinger B\u00fcrgerforum e.V.","robots":{"index":"index","follow":"follow","max-snippet":"max-snippet:-1","max-image-preview":"max-image-preview:large","max-video-preview":"max-video-preview:-1"},"canonical":"https:\/\/www.badkrozinger-buergerforum.de\/index.php\/zur-geschichte-des-bad-krozinger-buergerforums\/","og_locale":"de_DE","og_type":"article","og_title":"Zur Geschichte des Bad Krozinger B\u00fcrgerforums - Bad Krozinger B\u00fcrgerforum e.V.","og_description":"Gr\u00fcndung bis heute &#8211; Das sind wir Unter dem folgenden Link finden sie in Bildern und Text eine Zusammenfassung der Projekte, an denen wir uns ma\u00dfgeblich beteiligt oder vorangetrieben haben.\u00a0 https:\/\/www.badkrozinger-buergerforum.de\/wp-content\/uploads\/2024\/01\/KBF-30-Jahre-1.pdf Das Bad Krozinger B\u00fcrgerforum wurde am 17.10.1993 mit der Erstellung der Satzung gegr\u00fcndet; die offizielle Eintragung ins Vereinsregister erfolgte am 19.11.1993. Hierbei fanden sich [&hellip;]","og_url":"https:\/\/www.badkrozinger-buergerforum.de\/index.php\/zur-geschichte-des-bad-krozinger-buergerforums\/","og_site_name":"Bad Krozinger B\u00fcrgerforum e.V.","article_modified_time":"2024-01-17T12:15:06+00:00","og_image":[{"url":"https:\/\/www.badkrozinger-buergerforum.de\/wp-content\/uploads\/2022\/01\/Die-Gruenderinnen-und-Gruender-300x215.jpg"}],"twitter_card":"summary_large_image","twitter_misc":{"Gesch\u00e4tzte Lesezeit":"6\u00a0Minuten"},"schema":{"@context":"https:\/\/schema.org","@graph":[{"@type":"WebPage","@id":"https:\/\/www.badkrozinger-buergerforum.de\/index.php\/zur-geschichte-des-bad-krozinger-buergerforums\/","url":"https:\/\/www.badkrozinger-buergerforum.de\/index.php\/zur-geschichte-des-bad-krozinger-buergerforums\/","name":"Zur Geschichte des Bad Krozinger B\u00fcrgerforums - Bad Krozinger B\u00fcrgerforum e.V.","isPartOf":{"@id":"https:\/\/www.badkrozinger-buergerforum.de\/#website"},"datePublished":"2022-01-13T19:18:11+00:00","dateModified":"2024-01-17T12:15:06+00:00","breadcrumb":{"@id":"https:\/\/www.badkrozinger-buergerforum.de\/index.php\/zur-geschichte-des-bad-krozinger-buergerforums\/#breadcrumb"},"inLanguage":"de","potentialAction":[{"@type":"ReadAction","target":["https:\/\/www.badkrozinger-buergerforum.de\/index.php\/zur-geschichte-des-bad-krozinger-buergerforums\/"]}]},{"@type":"BreadcrumbList","@id":"https:\/\/www.badkrozinger-buergerforum.de\/index.php\/zur-geschichte-des-bad-krozinger-buergerforums\/#breadcrumb","itemListElement":[{"@type":"ListItem","position":1,"name":"Startseite","item":"https:\/\/www.badkrozinger-buergerforum.de\/"},{"@type":"ListItem","position":2,"name":"Zur Geschichte des Bad Krozinger B\u00fcrgerforums"}]},{"@type":"WebSite","@id":"https:\/\/www.badkrozinger-buergerforum.de\/#website","url":"https:\/\/www.badkrozinger-buergerforum.de\/","name":"Bad Krozinger B\u00fcrgerforum e.V.","description":"","publisher":{"@id":"https:\/\/www.badkrozinger-buergerforum.de\/#organization"},"potentialAction":[{"@type":"SearchAction","target":{"@type":"EntryPoint","urlTemplate":"https:\/\/www.badkrozinger-buergerforum.de\/?s={search_term_string}"},"query-input":"required name=search_term_string"}],"inLanguage":"de"},{"@type":"Organization","@id":"https:\/\/www.badkrozinger-buergerforum.de\/#organization","name":"Bad Krozinger B\u00fcrgerforum e.V.","url":"https:\/\/www.badkrozinger-buergerforum.de\/","logo":{"@type":"ImageObject","inLanguage":"de","@id":"https:\/\/www.badkrozinger-buergerforum.de\/#\/schema\/logo\/image\/","url":"https:\/\/www.badkrozinger-buergerforum.de\/wp-content\/uploads\/2021\/09\/Buergerforum-Bad-Krozingen-1.png","contentUrl":"https:\/\/www.badkrozinger-buergerforum.de\/wp-content\/uploads\/2021\/09\/Buergerforum-Bad-Krozingen-1.png","width":3000,"height":1500,"caption":"Bad Krozinger B\u00fcrgerforum e.V."},"image":{"@id":"https:\/\/www.badkrozinger-buergerforum.de\/#\/schema\/logo\/image\/"}}]}},"_links":{"self":[{"href":"https:\/\/www.badkrozinger-buergerforum.de\/index.php\/wp-json\/wp\/v2\/pages\/714"}],"collection":[{"href":"https:\/\/www.badkrozinger-buergerforum.de\/index.php\/wp-json\/wp\/v2\/pages"}],"about":[{"href":"https:\/\/www.badkrozinger-buergerforum.de\/index.php\/wp-json\/wp\/v2\/types\/page"}],"author":[{"embeddable":true,"href":"https:\/\/www.badkrozinger-buergerforum.de\/index.php\/wp-json\/wp\/v2\/users\/8"}],"replies":[{"embeddable":true,"href":"https:\/\/www.badkrozinger-buergerforum.de\/index.php\/wp-json\/wp\/v2\/comments?post=714"}],"version-history":[{"count":35,"href":"https:\/\/www.badkrozinger-buergerforum.de\/index.php\/wp-json\/wp\/v2\/pages\/714\/revisions"}],"predecessor-version":[{"id":1579,"href":"https:\/\/www.badkrozinger-buergerforum.de\/index.php\/wp-json\/wp\/v2\/pages\/714\/revisions\/1579"}],"wp:attachment":[{"href":"https:\/\/www.badkrozinger-buergerforum.de\/index.php\/wp-json\/wp\/v2\/media?parent=714"}],"curies":[{"name":"wp","href":"https:\/\/api.w.org\/{rel}","templated":true}]}}